{"id":16394,"date":"2025-06-12T13:32:34","date_gmt":"2025-06-12T11:32:34","guid":{"rendered":"https:\/\/lanaja.sk\/obchod\/nezaraden\u00e9\/prirodni-lneny-vaflovity-zupan\/"},"modified":"2025-10-05T16:03:26","modified_gmt":"2025-10-05T14:03:26","slug":"prirodni-lneny-vaflovity-zupan","status":"publish","type":"product","link":"https:\/\/lanaja.sk\/cs\/obchod\/prirodni-lneny-vaflovity-zupan\/","title":{"rendered":"P\u0159\u00edrodn\u00ed ln\u011bn\u00fd vaflov\u00fd \u017eupan"},"content":{"rendered":"<h2 data-sourcepos=\"5:1-5:74\">P\u0159\u00edrodn\u00ed ln\u011bn\u00fd vaflov\u00fd \u017eupan: Prom\u011b\u0148te ka\u017edodenn\u00ed chv\u00edle v luxusn\u00ed z\u00e1\u017eitek<\/h2>\n<p>Objevte dokonal\u00e9 spojen\u00ed pohodl\u00ed, stylu a udr\u017eitelnosti s na\u0161\u00edm \u017eupanem. A\u0165 u\u017e hled\u00e1te perfektn\u00edho spole\u010dn\u00edka pro rann\u00ed k\u00e1vu, relaxa\u010dn\u00ed ve\u010der nebo p\u0159\u00edjemn\u00fd v\u00edkendov\u00fd \u00fanik, n\u00e1\u0161 <strong>UNISEX ln\u011bn\u00fd vaflov\u00fd \u017eupan <\/strong>v\u00e1s obejme svou jemnost\u00ed a eleganc\u00ed. <\/p>\n<h3><\/h3>\n<h3>Pro\u010d si n\u00e1\u0161 ln\u011bn\u00fd vaflov\u00fd \u017eupan zamilujete?<\/h3>\n<p>P\u0159edstavte si, jak se ka\u017ed\u00e9 r\u00e1no probouz\u00edte a otev\u00edr\u00e1te dve\u0159e nov\u00e9mu dni. Zvenku se k v\u00e1m prod\u00edraj\u00ed prvn\u00ed slune\u010dn\u00ed paprsky a vy s \u00fasm\u011bvem nas\u00e1v\u00e1te atmosf\u00e9ru. N\u00e1\u0161 ln\u011bn\u00fd vaflov\u00fd \u017eupan je navr\u017een tak, aby va\u0161e v\u00edkendy i v\u0161edn\u00ed dny pov\u00fd\u0161il na zcela novou \u00farove\u0148. V n\u011bm budete s radost\u00ed tr\u00e1vit l\u00edn\u00e1 r\u00e1na, probouzet se s \u00fasm\u011bvem na tv\u00e1\u0159i a u\u017e\u00edvat si nekone\u010dn\u00e9 chv\u00edle, kdy se \u010das zd\u00e1 b\u00fdt nepodstatn\u00fd a vy jste pln\u011b pono\u0159eni do p\u0159\u00edtomn\u00e9ho okam\u017eiku.   <\/p>\n<p><strong>Je to pocit, jako byste se pr\u00e1v\u011b vr\u00e1tili z wellness pobytu, kde jste na\u010derpali nov\u00e9 s\u00edly a nechali starosti za sebou.<\/strong> C\u00edt\u00edte, jak va\u0161e t\u011blo d\u00fdch\u00e1, a\u0165 u\u017e je l\u00e9to, nebo chladn\u011bj\u0161\u00ed m\u011bs\u00edce.<\/p>\n<h3><\/h3>\n<h3>V\u00fdhody, kter\u00e9 poc\u00edt\u00edte na vlastn\u00ed k\u016f\u017ei: Pro\u010d je len volbou \u010d\u00edslo jedna?<\/h3>\n<p>Ln\u011bn\u00fd \u017eupan je pe\u010dliv\u011b promy\u0161len\u00fd kousek, kter\u00fd v\u00e1m p\u0159in\u00e1\u0161\u00ed mnoho v\u00fdhod:<\/p>\n<p><strong>Nep\u0159ekonateln\u00e9 pohodl\u00ed a jemnost: <\/strong>\u0160ijeme je z precizn\u011b vybran\u00e9 sm\u011bsi <strong>lnu (53 %) a bavlny (47 %)<\/strong>, co\u017e zaru\u010duje, \u017ee \u017eupan je nejen v\u00fdjime\u010dn\u011b trvanliv\u00fd, ale i luxusn\u011b m\u011bkk\u00fd a p\u0159\u00edjemn\u00fd na poko\u017ece. Vaflov\u00e1 vazba z\u00e1rove\u0148 dop\u0159eje va\u0161\u00ed poko\u017ece jemnou mas\u00e1\u017e a prokrv\u00ed ji. <\/p>\n<p><strong>Dokonal\u00e1 termoregulace:<\/strong> Len je zn\u00e1m\u00fd sv\u00fdmi unik\u00e1tn\u00edmi vlastnostmi. V tepl\u00fdch letn\u00edch dnech v\u00e1s bude p\u0159\u00edjemn\u011b chladit a poskytne pocit sv\u011b\u017eesti a komfortu. V chladn\u011bj\u0161\u00edch m\u011bs\u00edc\u00edch v\u00e1s naopak spolehliv\u011b zah\u0159eje a udr\u017e\u00ed p\u0159irozenou t\u011blesnou teplotu. Va\u0161e poko\u017eka m\u016f\u017ee voln\u011b d\u00fdchat a zbyl\u00e9 kapi\u010dky vody se rychle odpa\u0159\u00ed.   <\/p>\n<p><strong>Hygroskopick\u00e9 a antialergick\u00e9 vlastnosti:<\/strong> Len m\u00e1 v\u00fdjime\u010dnou schopnost pohlcovat vlhkost a rychle ji odpa\u0159ovat. Je p\u0159irozen\u011b prody\u0161n\u00fd, odol\u00e1v\u00e1 bakteri\u00edm a nep\u0159itahuje prach. D\u00edky tomu je ide\u00e1ln\u00ed pro alergiky, lidi s citlivou poko\u017ekou a dokonce i pro mal\u00e9 d\u011bti.  <\/p>\n<p><strong>Trvanlivost a dlouh\u00e1 \u017eivotnost:<\/strong> Na\u0161e \u017eupany jsou p\u0159edem pran\u00e9, aby se ji\u017e nesr\u00e1\u017eely a udr\u017eely si sv\u016fj st\u0159ih a tvar i po mnoha pran\u00edch. S ka\u017ed\u00fdm dal\u0161\u00edm pran\u00edm se nav\u00edc st\u00e1vaj\u00ed je\u0161t\u011b m\u011bk\u010d\u00ed a autenti\u010dt\u011bj\u0161\u00ed. <\/p>\n<p><strong>Udr\u017eitelnost v ka\u017ed\u00e9m detailu:<\/strong> Ka\u017ed\u00fd \u017eupan je precizn\u011b pro\u0161it\u00fd do nejmen\u0161\u00edch detail\u016f s ohledem na udr\u017eitelnost a prakti\u010dnost. V\u011b\u0159\u00edme, \u017ee investic\u00ed do kvalitn\u00edho a eticky vyroben\u00e9ho oble\u010den\u00ed d\u011bl\u00e1te krok k zodpov\u011bdn\u011bj\u0161\u00edmu \u017eivotu. <\/p>\n<h3><\/h3>\n<h3>Praktick\u00e9 a promy\u0161len\u00e9 detaily:<\/h3>\n<p><strong>Vyhrnovac\u00ed ruk\u00e1vy:<\/strong> Jsou navr\u017eeny tak, abyste je mohli jednodu\u0161e vyhrnout a zajistit, \u010d\u00edm\u017e se vyhnete nep\u0159\u00edjemn\u00fdm mokr\u00fdm ruk\u00e1v\u016fm p\u0159i rann\u00edch ritu\u00e1lech, va\u0159en\u00ed k\u00e1vy nebo p\u0159i p\u00e9\u010di o sebe.<\/p>\n<p><strong>Dvouvrstv\u00e1 kapuce:<\/strong> Spolehliv\u011b vysu\u0161\u00ed i dlouh\u00e9, mokr\u00e9 vlasy. V l\u00e9t\u011b ji nav\u00edc m\u016f\u017eete vyu\u017e\u00edt jako p\u0159\u00edjemnou ochranu p\u0159ed UV z\u00e1\u0159en\u00edm, jeliko\u017e ln\u011bn\u00e1 vl\u00e1kna p\u0159irozen\u011b odr\u00e1\u017eej\u00ed slune\u010dn\u00ed paprsky. <\/p>\n<p><strong>Dv\u011b velk\u00e9 kapsy a zavazov\u00e1n\u00ed v pase:<\/strong> Pro maxim\u00e1ln\u00ed funk\u010dnost a pohodl\u00ed.<\/p>\n<h3><\/h3>\n<h3>P\u0159\u00edrodn\u00ed ln\u011bn\u00fd vaflov\u00fd \u017eupan Lanaja: Pro koho je ur\u010den\u00fd?<\/h3>\n<p data-sourcepos=\"37:1-37:83\">Minimalistick\u00fd, variabiln\u00ed a neuv\u011b\u0159iteln\u011b pohodln\u00fd je ide\u00e1ln\u00ed pro:<\/p>\n<p><strong>V\u0161echny, kte\u0159\u00ed si v\u00e1\u017e\u00ed pohodl\u00ed, kvality a jedine\u010dn\u00e9ho stylu.<\/strong> Je vhodn\u00fd pro mu\u017ee i \u017eeny, kte\u0159\u00ed se cht\u011bj\u00ed c\u00edtit p\u0159irozen\u011b a elegantn\u011b z\u00e1rove\u0148.<\/p>\n<p><strong>Ty, kte\u0159\u00ed hledaj\u00ed dokonal\u00e9ho spole\u010dn\u00edka na relaxa\u010dn\u00ed ve\u010dery a v\u00edkendov\u00e1 r\u00e1na.<\/strong><\/p>\n<p><strong>Milovn\u00edky p\u0159\u00edrody a cestovatele.<\/strong> Jeho lehk\u00fd a prody\u0161n\u00fd materi\u00e1l v\u00e1m umo\u017en\u00ed pohybovat se svobodn\u011b a pohodln\u011b, a\u0165 u\u017e jste na dovolen\u00e9, nebo na v\u00fdlet\u011b.<\/p>\n<p><strong>Zast\u00e1nce udr\u017eiteln\u00e9ho zp\u016fsobu \u017eivota.<\/strong> Len je ekologick\u00e1 volba s minim\u00e1ln\u00edm dopadem na \u017eivotn\u00ed prost\u0159ed\u00ed.<\/p>\n<p><strong>Ty, kte\u0159\u00ed ocen\u00ed ru\u010dn\u00ed pr\u00e1ci a precizn\u00ed zpracov\u00e1n\u00ed.<\/strong> Investic\u00ed do na\u0161eho \u017eupanu si dop\u0159ejete ten nejlep\u0161\u00ed z\u00e1\u017eitek a z\u00e1rove\u0148 podpo\u0159\u00edte hodnotu kvalitn\u00edho \u0159emesla.<\/p>\n<h3><\/h3>\n<h3>Pro va\u0161i spokojenost \u0161ijeme i na m\u00edru!<\/h3>\n<p data-sourcepos=\"49:1-49:576\"><strong>St\u0159ih a velikost:  Na\u0161e \u017eupany jsou navr\u017eeny jako UNISEX a sed\u00ed do velikosti XL. Pokud v\u0161ak pot\u0159ebujete v\u011bt\u0161\u00ed velikost, nebo jste ni\u017e\u0161\u00ed ne\u017e 160 cm \u010di vy\u0161\u0161\u00ed ne\u017e 185 cm, nev\u00e1hejte n\u00e1s kontaktovat p\u0159edem p\u0159ed objedn\u00e1vkou.<br \/>R\u00e1di v\u00e1m u\u0161ijeme \u017eupan na m\u00edru \u2013 pot\u0159ebujeme jen va\u0161e m\u00edry (\u0161\u00ed\u0159ku ramen, obvod hrudn\u00edku, pas a v\u00fd\u0161ku postavy, konfek\u010dn\u00ed velikost).<br \/>Pro n\u00e1s v Lanaji je d\u016fle\u017eit\u00e9, abychom vytvo\u0159ili n\u011bco, co pro v\u00e1s bude m\u00edt hlub\u0161\u00ed v\u00fdznam. Do ka\u017ed\u00e9ho \u017eupanu vkl\u00e1d\u00e1me kousek na\u0161\u00ed tvo\u0159ivosti a oddanosti, abychom v\u00e1m poskytli tu nejlep\u0161\u00ed kvalitu.<\/strong>     Va\u0161e radost a spokojenost je pro n\u00e1s tou nejv\u011bt\u0161\u00ed odm\u011bnou.<\/p>\n<p>&nbsp;<\/p>\n<p>Abychom zajistili maxim\u00e1ln\u00ed spokojenost na\u0161ich mil\u00fdch z\u00e1kazn\u00edk\u016f, \u0161ijeme v na\u0161\u00ed d\u00edln\u011b vaflov\u00e9 \u017eupany z materi\u00e1lov\u00e9ho slo\u017een\u00ed: <strong>53% len, 47% bavlna<\/strong> pro dosa\u017een\u00ed maxim\u00e1ln\u00ed odolnosti, savosti a m\u011bkkosti. Ka\u017ed\u00fd u\u0161it\u00fd kus je pro n\u00e1s v\u00fdzvou a z\u00e1rove\u0148 p\u0159\u00edle\u017eitost\u00ed, jak p\u0159en\u00e9st na\u0161e nad\u0161en\u00ed a l\u00e1sku k p\u0159\u00edrodn\u00edm materi\u00e1l\u016fm na v\u00e1s.<\/p>\n<p>&nbsp;<\/p>\n<p><strong>BARVY: <\/strong><\/p>\n<p>1.Sko\u0159icov\u00e1- CINNAMON (na fotografi\u00edch)<\/p>\n<p>2.TMAV\u011a \u0160ED\u00c1 (na fotografi\u00edch)<\/p>\n<p>3. P\u00cdSKOV\u011a B\u00c9\u017dOV\u00c1 (na fotografi\u00edch)<\/p>\n<p>4. B\u00cdL\u00c1 (viz vzorn\u00edk)<\/p>\n<p>5. SV\u011aTLE \u0160ED\u00c1 ( na fotografii )<\/p>\n<p>6. DUSTY FIALOV\u00c1 (viz vzorn\u00edk)<\/p>\n<p>7. AZUROV\u00c1 (na obr\u00e1zku)<\/p>\n<p>8. R\u016e\u017dOV\u00c1 (na obr\u00e1zku)<\/p>\n<p>9. OLIVOV\u011a \u017elut\u00e1 (viz vzorn\u00edk)<\/p>\n<p>10. OCELOV\u011a MODR\u00c1 (viz vzorn\u00edk)<\/p>\n<p>11. KhaKI ZELEN\u00c1 (viz vzorn\u00edk)<\/p>\n<p>12. \u010cERN\u00c1 (viz vzorn\u00edk)<\/p>\n<p>13. P\u0158\u00cdRODN\u00cd (na fotk\u00e1ch)<\/p>\n<p>14. TMAV\u011a MODR\u00c1 ( na fotografii )<\/p>\n<p>15. Zelenomodr\u00e1 (viz vzorn\u00edk)<\/p>\n<p>&nbsp;<\/p>\n<h3 data-sourcepos=\"75:1-75:25\">Rozm\u011bry a dod\u00e1n\u00ed<\/h3>\n<p><strong>Univerz\u00e1ln\u00ed velikost (UNI) S-XL:<\/strong><\/p>\n<p>D\u00e9lka od ramene: 125 cm,<\/p>\n<p>\u0160\u00ed\u0159ka: 71 cm \u00d7 2 (prsa, pas, boky),<\/p>\n<p>Ruk\u00e1v m\u011b\u0159en\u00fd od kapuce: 72 cm (celkov\u00e1 d\u00e9lka nevyhrnut\u00e9ho ruk\u00e1vu).<\/p>\n<p><strong>Dod\u00e1n\u00ed:<\/strong> Jeliko\u017e je ka\u017ed\u00fd \u017eupan ru\u010dn\u011b \u0161it\u00fd s maxim\u00e1ln\u00ed preciznost\u00ed, doba dod\u00e1n\u00ed je obvykle <strong>5\u201315 pracovn\u00edch dn\u016f<\/strong>, pokud nem\u00e1me v\u00fdrobek u\u0161it\u00fd skladem. Kvalitn\u00ed ru\u010dn\u00ed pr\u00e1ce si vy\u017eaduje sv\u016fj \u010das, ale v\u00fdsledek stoj\u00ed za to! <\/p>\n<p>&nbsp;<\/p>\n<p><strong>Foto: <\/strong> <a href=\"https:\/\/www.instagram.com\/vladkaturcok\/\" target=\"_blank\" rel=\"noopener\">Vla\u010fka Tur\u010dok<\/a><\/p>\n","protected":false},"excerpt":{"rendered":"<p>Jsme si jisti, \u017ee a\u017e si obl\u00e9knete n\u00e1\u0161 ln\u011bn\u00fd \u017eupan, u\u017e ho nebudete cht\u00edt svl\u00e9knout. Najednou se p\u0159istihnete, jak si vychutn\u00e1v\u00e1te rann\u00ed k\u00e1vu, ned\u011bln\u00ed sn\u00eddani, ve\u010der s knihou v ruce ve sv\u00e9m obl\u00edben\u00e9m k\u0159esle nebo po relaxa\u010dn\u00ed vo\u0148av\u00e9 koupeli po n\u00e1ro\u010dn\u00e9m dni zabalen\u00ed do ln\u011bn\u00e9ho \u017eupanu. V\u0161echny na\u0161e ln\u011bn\u00e9 \u017eupany jsou \u0161it\u00e9 z vaflov\u00e9 l\u00e1tky, kter\u00e1 se skl\u00e1d\u00e1 z dokonal\u00e9 kombinace lnu a bavlny a zaru\u010duje luxusn\u00ed m\u011bkkost a pohodl\u00ed. St\u0159ih vaflov\u00fdch \u017eupan\u016f je <strong>UNISEX, vhodn\u00fd pro d\u00e1my i p\u00e1ny.<\/strong><\/p>\n","protected":false},"featured_media":16071,"template":"","meta":[],"product_brand":[],"product_cat":[397],"product_tag":[423,419,422,420],"class_list":{"0":"post-16394","1":"product","2":"type-product","3":"status-publish","4":"has-post-thumbnail","6":"product_cat-lnene-zupany","7":"product_tag-damsky-zupan-cs","8":"product_tag-lneny-zupan","9":"product_tag-pansky-zupan-cs","10":"product_tag-vaflovy-zupan-cs","12":"first","13":"onbackorder","14":"shipping-taxable","15":"purchasable","16":"product-type-variable"},"yoast_head":"<!-- This site is optimized with the Yoast SEO plugin v27.4 - https:\/\/yoast.com\/product\/yoast-seo-wordpress\/ -->\n<title>P\u0159\u00edrodn\u00ed ln\u011bn\u00fd vaflov\u00fd \u017eupan &#8226; Lanaja-slovensk\u00e1 udr\u017eiteln\u00e1 zna\u010dka a v\u00fdrobce ln\u011bn\u00e9ho textilu<\/title>\n<meta name=\"description\" content=\"P\u0159\u00edrodn\u00ed ln\u011bn\u00fd vaflov\u00fd \u017eupan s vyhrnovac\u00edmi ruk\u00e1vy je mimo\u0159\u00e1dn\u011b m\u011bkk\u00fd, nad\u010dasov\u00fd a m\u00e1 sv\u016fj jedine\u010dn\u00fd styl. \u0160ijeme je v na\u0161\u00ed d\u00edln\u011b na m\u00edru...\" \/>\n<meta name=\"robots\" content=\"index, follow, max-snippet:-1, max-image-preview:large, max-video-preview:-1\" \/>\n<link rel=\"canonical\" href=\"https:\/\/lanaja.sk\/cs\/obchod\/prirodni-lneny-vaflovity-zupan\/\" \/>\n<meta property=\"og:locale\" content=\"cs_CZ\" \/>\n<meta property=\"og:type\" content=\"article\" \/>\n<meta property=\"og:title\" content=\"P\u0159\u00edrodn\u00ed ln\u011bn\u00fd vaflov\u00fd \u017eupan &#8226; Lanaja-slovensk\u00e1 udr\u017eiteln\u00e1 zna\u010dka a v\u00fdrobce ln\u011bn\u00e9ho textilu\" \/>\n<meta property=\"og:description\" content=\"P\u0159\u00edrodn\u00ed ln\u011bn\u00fd vaflov\u00fd \u017eupan s vyhrnovac\u00edmi ruk\u00e1vy je mimo\u0159\u00e1dn\u011b m\u011bkk\u00fd, nad\u010dasov\u00fd a m\u00e1 sv\u016fj jedine\u010dn\u00fd styl. \u0160ijeme je v na\u0161\u00ed d\u00edln\u011b na m\u00edru...\" \/>\n<meta property=\"og:url\" content=\"https:\/\/lanaja.sk\/cs\/obchod\/prirodni-lneny-vaflovity-zupan\/\" \/>\n<meta property=\"og:site_name\" content=\"Lanaja-slovensk\u00e1 udr\u017eiteln\u00e1 zna\u010dka a v\u00fdrobce ln\u011bn\u00e9ho textilu\" \/>\n<meta property=\"article:publisher\" content=\"https:\/\/www.facebook.com\/Abreadbag\" \/>\n<meta property=\"article:modified_time\" content=\"2025-10-05T14:03:26+00:00\" \/>\n<meta property=\"og:image\" content=\"https:\/\/lanaja.sk\/wp-content\/uploads\/2024\/11\/prirodny-lanovy-vaflovy-zupan-lanaja.jpg\" \/>\n\t<meta property=\"og:image:width\" content=\"2387\" \/>\n\t<meta property=\"og:image:height\" content=\"2390\" \/>\n\t<meta property=\"og:image:type\" content=\"image\/jpeg\" \/>\n<meta name=\"twitter:card\" content=\"summary_large_image\" \/>\n<meta name=\"twitter:label1\" content=\"Odhadovan\u00e1 doba \u010dten\u00ed\" \/>\n\t<meta name=\"twitter:data1\" content=\"6 minut\" \/>\n<script type=\"application\/ld+json\" class=\"yoast-schema-graph\">{\"@context\":\"https:\\\/\\\/schema.org\",\"@graph\":[{\"@type\":\"WebPage\",\"@id\":\"https:\\\/\\\/lanaja.sk\\\/cs\\\/obchod\\\/prirodni-lneny-vaflovity-zupan\\\/\",\"url\":\"https:\\\/\\\/lanaja.sk\\\/cs\\\/obchod\\\/prirodni-lneny-vaflovity-zupan\\\/\",\"name\":\"P\u0159\u00edrodn\u00ed ln\u011bn\u00fd vaflov\u00fd \u017eupan &#8226; Lanaja-slovensk\u00e1 udr\u017eiteln\u00e1 zna\u010dka a v\u00fdrobce ln\u011bn\u00e9ho textilu\",\"isPartOf\":{\"@id\":\"https:\\\/\\\/lanaja.sk\\\/cs\\\/#website\"},\"primaryImageOfPage\":{\"@id\":\"https:\\\/\\\/lanaja.sk\\\/cs\\\/obchod\\\/prirodni-lneny-vaflovity-zupan\\\/#primaryimage\"},\"image\":{\"@id\":\"https:\\\/\\\/lanaja.sk\\\/cs\\\/obchod\\\/prirodni-lneny-vaflovity-zupan\\\/#primaryimage\"},\"thumbnailUrl\":\"https:\\\/\\\/lanaja.sk\\\/wp-content\\\/uploads\\\/2024\\\/11\\\/prirodny-lanovy-vaflovy-zupan-lanaja.jpg\",\"datePublished\":\"2025-06-12T11:32:34+00:00\",\"dateModified\":\"2025-10-05T14:03:26+00:00\",\"description\":\"P\u0159\u00edrodn\u00ed ln\u011bn\u00fd vaflov\u00fd \u017eupan s vyhrnovac\u00edmi ruk\u00e1vy je mimo\u0159\u00e1dn\u011b m\u011bkk\u00fd, nad\u010dasov\u00fd a m\u00e1 sv\u016fj jedine\u010dn\u00fd styl. \u0160ijeme je v na\u0161\u00ed d\u00edln\u011b na m\u00edru...\",\"breadcrumb\":{\"@id\":\"https:\\\/\\\/lanaja.sk\\\/cs\\\/obchod\\\/prirodni-lneny-vaflovity-zupan\\\/#breadcrumb\"},\"inLanguage\":\"cs\",\"potentialAction\":[{\"@type\":\"ReadAction\",\"target\":[\"https:\\\/\\\/lanaja.sk\\\/cs\\\/obchod\\\/prirodni-lneny-vaflovity-zupan\\\/\"]}]},{\"@type\":\"ImageObject\",\"inLanguage\":\"cs\",\"@id\":\"https:\\\/\\\/lanaja.sk\\\/cs\\\/obchod\\\/prirodni-lneny-vaflovity-zupan\\\/#primaryimage\",\"url\":\"https:\\\/\\\/lanaja.sk\\\/wp-content\\\/uploads\\\/2024\\\/11\\\/prirodny-lanovy-vaflovy-zupan-lanaja.jpg\",\"contentUrl\":\"https:\\\/\\\/lanaja.sk\\\/wp-content\\\/uploads\\\/2024\\\/11\\\/prirodny-lanovy-vaflovy-zupan-lanaja.jpg\",\"width\":2387,\"height\":2390,\"caption\":\"Vaflov\u00fd \u013eanov\u00fd \u017eupan u\u0161it\u00fd z pr\u00edrodn\u00e9ho nefarben\u00e9ho \u013eanu s vyhr\u0148ovac\u00edmi ruk\u00e1vmi\"},{\"@type\":\"BreadcrumbList\",\"@id\":\"https:\\\/\\\/lanaja.sk\\\/cs\\\/obchod\\\/prirodni-lneny-vaflovity-zupan\\\/#breadcrumb\",\"itemListElement\":[{\"@type\":\"ListItem\",\"position\":1,\"name\":\"Home\",\"item\":\"https:\\\/\\\/lanaja.sk\\\/cs\\\/\"},{\"@type\":\"ListItem\",\"position\":2,\"name\":\"Obchod\",\"item\":\"https:\\\/\\\/lanaja.sk\\\/cs\\\/obchod-cz\\\/\"},{\"@type\":\"ListItem\",\"position\":3,\"name\":\"P\u0159\u00edrodn\u00ed ln\u011bn\u00fd vaflov\u00fd \u017eupan\"}]},{\"@type\":\"WebSite\",\"@id\":\"https:\\\/\\\/lanaja.sk\\\/cs\\\/#website\",\"url\":\"https:\\\/\\\/lanaja.sk\\\/cs\\\/\",\"name\":\"Lanaja - bytov\u00fd textil z \u013eanu a \u013eanov\u00e9 v\u00fdrobky\",\"description\":\"Jedine\u010dn\u00fd bytov\u00fd textil, ln\u011bn\u00e9 pytl\u00edky, ln\u011bn\u00e9 ubrusy, ln\u011bn\u00e9 lo\u017en\u00ed povle\u010den\u00ed, ln\u011bn\u00e9 ut\u011brky, ln\u011bn\u00e9 prost\u00edr\u00e1n\u00ed vyroben\u00e9 a \u0161it\u00e9 na Slovensku\",\"publisher\":{\"@id\":\"https:\\\/\\\/lanaja.sk\\\/cs\\\/#organization\"},\"alternateName\":\"Lanaja - v\u00fdrobky z \u013eanu, \u013eanov\u00fd bytov\u00fd textil\",\"potentialAction\":[{\"@type\":\"SearchAction\",\"target\":{\"@type\":\"EntryPoint\",\"urlTemplate\":\"https:\\\/\\\/lanaja.sk\\\/cs\\\/?s={search_term_string}\"},\"query-input\":{\"@type\":\"PropertyValueSpecification\",\"valueRequired\":true,\"valueName\":\"search_term_string\"}}],\"inLanguage\":\"cs\"},{\"@type\":\"Organization\",\"@id\":\"https:\\\/\\\/lanaja.sk\\\/cs\\\/#organization\",\"name\":\"Lanaja\",\"alternateName\":\"Al\u017ebeta Andr\u00e1\u0161ikov\u00e1 - Lanaja\",\"url\":\"https:\\\/\\\/lanaja.sk\\\/cs\\\/\",\"logo\":{\"@type\":\"ImageObject\",\"inLanguage\":\"cs\",\"@id\":\"https:\\\/\\\/lanaja.sk\\\/cs\\\/#\\\/schema\\\/logo\\\/image\\\/\",\"url\":\"https:\\\/\\\/lanaja.sk\\\/wp-content\\\/uploads\\\/2024\\\/01\\\/Lanaja.sk-logo.png\",\"contentUrl\":\"https:\\\/\\\/lanaja.sk\\\/wp-content\\\/uploads\\\/2024\\\/01\\\/Lanaja.sk-logo.png\",\"width\":600,\"height\":300,\"caption\":\"Lanaja\"},\"image\":{\"@id\":\"https:\\\/\\\/lanaja.sk\\\/cs\\\/#\\\/schema\\\/logo\\\/image\\\/\"},\"sameAs\":[\"https:\\\/\\\/www.facebook.com\\\/Abreadbag\",\"https:\\\/\\\/www.instagram.com\\\/lanaja_sk\\\/\"]}]}<\/script>\n<!-- \/ Yoast SEO plugin. -->","yoast_head_json":{"title":"P\u0159\u00edrodn\u00ed ln\u011bn\u00fd vaflov\u00fd \u017eupan &#8226; Lanaja-slovensk\u00e1 udr\u017eiteln\u00e1 zna\u010dka a v\u00fdrobce ln\u011bn\u00e9ho textilu","description":"P\u0159\u00edrodn\u00ed ln\u011bn\u00fd vaflov\u00fd \u017eupan s vyhrnovac\u00edmi ruk\u00e1vy je mimo\u0159\u00e1dn\u011b m\u011bkk\u00fd, nad\u010dasov\u00fd a m\u00e1 sv\u016fj jedine\u010dn\u00fd styl. \u0160ijeme je v na\u0161\u00ed d\u00edln\u011b na m\u00edru...","robots":{"index":"index","follow":"follow","max-snippet":"max-snippet:-1","max-image-preview":"max-image-preview:large","max-video-preview":"max-video-preview:-1"},"canonical":"https:\/\/lanaja.sk\/cs\/obchod\/prirodni-lneny-vaflovity-zupan\/","og_locale":"cs_CZ","og_type":"article","og_title":"P\u0159\u00edrodn\u00ed ln\u011bn\u00fd vaflov\u00fd \u017eupan &#8226; Lanaja-slovensk\u00e1 udr\u017eiteln\u00e1 zna\u010dka a v\u00fdrobce ln\u011bn\u00e9ho textilu","og_description":"P\u0159\u00edrodn\u00ed ln\u011bn\u00fd vaflov\u00fd \u017eupan s vyhrnovac\u00edmi ruk\u00e1vy je mimo\u0159\u00e1dn\u011b m\u011bkk\u00fd, nad\u010dasov\u00fd a m\u00e1 sv\u016fj jedine\u010dn\u00fd styl. \u0160ijeme je v na\u0161\u00ed d\u00edln\u011b na m\u00edru...","og_url":"https:\/\/lanaja.sk\/cs\/obchod\/prirodni-lneny-vaflovity-zupan\/","og_site_name":"Lanaja-slovensk\u00e1 udr\u017eiteln\u00e1 zna\u010dka a v\u00fdrobce ln\u011bn\u00e9ho textilu","article_publisher":"https:\/\/www.facebook.com\/Abreadbag","article_modified_time":"2025-10-05T14:03:26+00:00","og_image":[{"width":2387,"height":2390,"url":"https:\/\/lanaja.sk\/wp-content\/uploads\/2024\/11\/prirodny-lanovy-vaflovy-zupan-lanaja.jpg","type":"image\/jpeg"}],"twitter_card":"summary_large_image","twitter_misc":{"Odhadovan\u00e1 doba \u010dten\u00ed":"6 minut"},"schema":{"@context":"https:\/\/schema.org","@graph":[{"@type":"WebPage","@id":"https:\/\/lanaja.sk\/cs\/obchod\/prirodni-lneny-vaflovity-zupan\/","url":"https:\/\/lanaja.sk\/cs\/obchod\/prirodni-lneny-vaflovity-zupan\/","name":"P\u0159\u00edrodn\u00ed ln\u011bn\u00fd vaflov\u00fd \u017eupan &#8226; Lanaja-slovensk\u00e1 udr\u017eiteln\u00e1 zna\u010dka a v\u00fdrobce ln\u011bn\u00e9ho textilu","isPartOf":{"@id":"https:\/\/lanaja.sk\/cs\/#website"},"primaryImageOfPage":{"@id":"https:\/\/lanaja.sk\/cs\/obchod\/prirodni-lneny-vaflovity-zupan\/#primaryimage"},"image":{"@id":"https:\/\/lanaja.sk\/cs\/obchod\/prirodni-lneny-vaflovity-zupan\/#primaryimage"},"thumbnailUrl":"https:\/\/lanaja.sk\/wp-content\/uploads\/2024\/11\/prirodny-lanovy-vaflovy-zupan-lanaja.jpg","datePublished":"2025-06-12T11:32:34+00:00","dateModified":"2025-10-05T14:03:26+00:00","description":"P\u0159\u00edrodn\u00ed ln\u011bn\u00fd vaflov\u00fd \u017eupan s vyhrnovac\u00edmi ruk\u00e1vy je mimo\u0159\u00e1dn\u011b m\u011bkk\u00fd, nad\u010dasov\u00fd a m\u00e1 sv\u016fj jedine\u010dn\u00fd styl. \u0160ijeme je v na\u0161\u00ed d\u00edln\u011b na m\u00edru...","breadcrumb":{"@id":"https:\/\/lanaja.sk\/cs\/obchod\/prirodni-lneny-vaflovity-zupan\/#breadcrumb"},"inLanguage":"cs","potentialAction":[{"@type":"ReadAction","target":["https:\/\/lanaja.sk\/cs\/obchod\/prirodni-lneny-vaflovity-zupan\/"]}]},{"@type":"ImageObject","inLanguage":"cs","@id":"https:\/\/lanaja.sk\/cs\/obchod\/prirodni-lneny-vaflovity-zupan\/#primaryimage","url":"https:\/\/lanaja.sk\/wp-content\/uploads\/2024\/11\/prirodny-lanovy-vaflovy-zupan-lanaja.jpg","contentUrl":"https:\/\/lanaja.sk\/wp-content\/uploads\/2024\/11\/prirodny-lanovy-vaflovy-zupan-lanaja.jpg","width":2387,"height":2390,"caption":"Vaflov\u00fd \u013eanov\u00fd \u017eupan u\u0161it\u00fd z pr\u00edrodn\u00e9ho nefarben\u00e9ho \u013eanu s vyhr\u0148ovac\u00edmi ruk\u00e1vmi"},{"@type":"BreadcrumbList","@id":"https:\/\/lanaja.sk\/cs\/obchod\/prirodni-lneny-vaflovity-zupan\/#breadcrumb","itemListElement":[{"@type":"ListItem","position":1,"name":"Home","item":"https:\/\/lanaja.sk\/cs\/"},{"@type":"ListItem","position":2,"name":"Obchod","item":"https:\/\/lanaja.sk\/cs\/obchod-cz\/"},{"@type":"ListItem","position":3,"name":"P\u0159\u00edrodn\u00ed ln\u011bn\u00fd vaflov\u00fd \u017eupan"}]},{"@type":"WebSite","@id":"https:\/\/lanaja.sk\/cs\/#website","url":"https:\/\/lanaja.sk\/cs\/","name":"Lanaja - bytov\u00fd textil z \u013eanu a \u013eanov\u00e9 v\u00fdrobky","description":"Jedine\u010dn\u00fd bytov\u00fd textil, ln\u011bn\u00e9 pytl\u00edky, ln\u011bn\u00e9 ubrusy, ln\u011bn\u00e9 lo\u017en\u00ed povle\u010den\u00ed, ln\u011bn\u00e9 ut\u011brky, ln\u011bn\u00e9 prost\u00edr\u00e1n\u00ed vyroben\u00e9 a \u0161it\u00e9 na Slovensku","publisher":{"@id":"https:\/\/lanaja.sk\/cs\/#organization"},"alternateName":"Lanaja - v\u00fdrobky z \u013eanu, \u013eanov\u00fd bytov\u00fd textil","potentialAction":[{"@type":"SearchAction","target":{"@type":"EntryPoint","urlTemplate":"https:\/\/lanaja.sk\/cs\/?s={search_term_string}"},"query-input":{"@type":"PropertyValueSpecification","valueRequired":true,"valueName":"search_term_string"}}],"inLanguage":"cs"},{"@type":"Organization","@id":"https:\/\/lanaja.sk\/cs\/#organization","name":"Lanaja","alternateName":"Al\u017ebeta Andr\u00e1\u0161ikov\u00e1 - Lanaja","url":"https:\/\/lanaja.sk\/cs\/","logo":{"@type":"ImageObject","inLanguage":"cs","@id":"https:\/\/lanaja.sk\/cs\/#\/schema\/logo\/image\/","url":"https:\/\/lanaja.sk\/wp-content\/uploads\/2024\/01\/Lanaja.sk-logo.png","contentUrl":"https:\/\/lanaja.sk\/wp-content\/uploads\/2024\/01\/Lanaja.sk-logo.png","width":600,"height":300,"caption":"Lanaja"},"image":{"@id":"https:\/\/lanaja.sk\/cs\/#\/schema\/logo\/image\/"},"sameAs":["https:\/\/www.facebook.com\/Abreadbag","https:\/\/www.instagram.com\/lanaja_sk\/"]}]}},"_links":{"self":[{"href":"https:\/\/lanaja.sk\/cs\/wp-json\/wp\/v2\/product\/16394","targetHints":{"allow":["GET"]}}],"collection":[{"href":"https:\/\/lanaja.sk\/cs\/wp-json\/wp\/v2\/product"}],"about":[{"href":"https:\/\/lanaja.sk\/cs\/wp-json\/wp\/v2\/types\/product"}],"version-history":[{"count":1,"href":"https:\/\/lanaja.sk\/cs\/wp-json\/wp\/v2\/product\/16394\/revisions"}],"predecessor-version":[{"id":16719,"href":"https:\/\/lanaja.sk\/cs\/wp-json\/wp\/v2\/product\/16394\/revisions\/16719"}],"wp:featuredmedia":[{"embeddable":true,"href":"https:\/\/lanaja.sk\/cs\/wp-json\/wp\/v2\/media\/16071"}],"wp:attachment":[{"href":"https:\/\/lanaja.sk\/cs\/wp-json\/wp\/v2\/media?parent=16394"}],"wp:term":[{"taxonomy":"product_brand","embeddable":true,"href":"https:\/\/lanaja.sk\/cs\/wp-json\/wp\/v2\/product_brand?post=16394"},{"taxonomy":"product_cat","embeddable":true,"href":"https:\/\/lanaja.sk\/cs\/wp-json\/wp\/v2\/product_cat?post=16394"},{"taxonomy":"product_tag","embeddable":true,"href":"https:\/\/lanaja.sk\/cs\/wp-json\/wp\/v2\/product_tag?post=16394"}],"curies":[{"name":"wp","href":"https:\/\/api.w.org\/{rel}","templated":true}]}}