{"id":16395,"date":"2024-09-01T18:09:22","date_gmt":"2024-09-01T16:09:22","guid":{"rendered":"https:\/\/lanaja.sk\/obchod\/nezaraden\u00e9\/pansky-lneny-kilt-do-sauny\/"},"modified":"2025-10-05T16:03:25","modified_gmt":"2025-10-05T14:03:25","slug":"pansky-lneny-kilt-do-sauny","status":"publish","type":"product","link":"https:\/\/lanaja.sk\/cs\/obchod\/pansky-lneny-kilt-do-sauny\/","title":{"rendered":"P\u00e1nsk\u00fd ln\u011bn\u00fd kilt do sauny"},"content":{"rendered":"<h2>P\u00e1nsk\u00fd ln\u011bn\u00fd kilt<\/h2>\n<p>&nbsp;<\/p>\n<p>Jste milovn\u00edkem saunov\u00e1n\u00ed a hled\u00e1te pohodln\u00fd, praktick\u00fd a z\u00e1rove\u0148 univerz\u00e1ln\u00ed a stylov\u00fd dopln\u011bk, kter\u00fd se hod\u00ed do sauny, na pl\u00e1\u017e, k baz\u00e9nu nebo do wellness centra? N\u00e1\u0161 ln\u011bn\u00fd kilt je p\u0159esn\u011b to, co pot\u0159ebujete! D\u00edky sv\u00e9 m\u011bkk\u00e9 a vysoce sav\u00e9 vaflov\u00e9 struktu\u0159e v\u00e1s zahal\u00ed do p\u0159\u00edjemn\u00e9ho pocitu pohodl\u00ed. D\u00edky sv\u00e9 schopnosti absorbovat vlhkost a rychle schnout je ide\u00e1ln\u00edm materi\u00e1lem pro pou\u017eit\u00ed v saun\u00e1ch, wellness centrech, u baz\u00e9nu nebo na pl\u00e1\u017ei.   <\/p>\n<h4 data-sourcepos=\"11:1-11:42\">Jak v\u00e1m ln\u011bn\u00fd kilt zlep\u0161\u00ed z\u00e1\u017eitek ze saunov\u00e1n\u00ed?<\/h4>\n<ul>\n<li data-sourcepos=\"13:1-13:83\"><strong>Minimalistick\u00fd design:<\/strong> spojen\u00ed funk\u010dnosti a minimalismu.<\/li>\n<li data-sourcepos=\"13:1-13:83\"><strong>P\u0159\u00edrodn\u00ed dokonalost:<\/strong> Len, jako dar p\u0159\u00edrody, nab\u00edz\u00ed jedine\u010dn\u00e9 vlastnosti. Je antibakteri\u00e1ln\u00ed, co\u017e pom\u00e1h\u00e1 udr\u017eovat va\u0161i poko\u017eku zdravou a sv\u011b\u017e\u00ed i v hork\u00e9m prost\u0159ed\u00ed sauny. <\/li>\n<li data-sourcepos=\"14:1-14:120\"><strong>Maxim\u00e1ln\u00ed pohodl\u00ed:<\/strong> Ln\u011bn\u00e1 vaflov\u00e1 l\u00e1tka dokonale absorbuje vlhkost a rychle schne.<\/li>\n<li data-sourcepos=\"15:1-15:91\"><strong>Jednoduch\u00e9 upevn\u011bn\u00ed:<\/strong> Elastick\u00fd p\u00e1s na gumu a such\u00fd zip v p\u0159edn\u00ed \u010d\u00e1sti zajist\u00ed bezpe\u010dn\u00e9 a pohodln\u00e9 no\u0161en\u00ed.<\/li>\n<li data-sourcepos=\"17:1-18:0\"><strong>Vysok\u00e1 kvalita:<\/strong> Ln\u011bn\u00e1 sm\u011bs zaru\u010duje dlouhou \u017eivotnost a odolnost.<\/li>\n<li data-sourcepos=\"35:1-35:114\"><strong>P\u0159\u00edrodn\u00ed a udr\u017eiteln\u00fd materi\u00e1l:<\/strong> Len je p\u011bstov\u00e1n bez pou\u017eit\u00ed pesticid\u016f a vy\u017eaduje minim\u00e1ln\u00ed mno\u017estv\u00ed vody.<\/li>\n<li data-sourcepos=\"36:1-36:48\"><strong>Antibakteri\u00e1ln\u00ed vlastnosti:<\/strong> Len br\u00e1n\u00ed mno\u017een\u00ed bakteri\u00ed a pl\u00edsn\u00ed.<\/li>\n<li data-sourcepos=\"37:1-37:70\"><strong>Hypoalergenn\u00ed materi\u00e1l:<\/strong> Vhodn\u00fd i pro osoby s citlivou poko\u017ekou.<\/li>\n<li data-sourcepos=\"37:1-37:70\"><strong>Pohodl\u00ed a volnost pohybu:<\/strong> \u0160irok\u00fd st\u0159ih a m\u011bkkost lnu zaji\u0161\u0165uj\u00ed maxim\u00e1ln\u00ed komfort b\u011bhem no\u0161en\u00ed. Kilt je prody\u0161n\u00fd a umo\u017e\u0148uje poko\u017ece d\u00fdchat. <\/li>\n<li data-sourcepos=\"37:1-37:70\"><strong>Personalizace:<\/strong> Na p\u0159\u00e1n\u00ed z\u00e1kazn\u00edka m\u016f\u017eeme na kilt vy\u0161\u00edt monogram nebo ho personalizovat textem.<\/li>\n<li data-sourcepos=\"37:1-37:70\"><strong>Ru\u010dn\u00ed v\u00fdroba:<\/strong> Ka\u017ed\u00fd kilt je u\u0161it s l\u00e1skou a p\u00e9\u010d\u00ed v na\u0161\u00ed d\u00edln\u011b.<\/li>\n<li data-sourcepos=\"29:1-30:0\"><strong>Jednoduch\u00e1 \u00fadr\u017eba:<\/strong> snadno se udr\u017euje a pran\u00ed mu neu\u0161kod\u00ed. Sta\u010d\u00ed mu teplota p\u0159i pran\u00ed do 40 \u00b0C. Nen\u00ed pot\u0159eba ho pr\u00e1t p\u0159i vysok\u00fdch teplot\u00e1ch. <\/li>\n<\/ul>\n<h4 data-sourcepos=\"19:1-19:25\">D\u00e1rkov\u00fd set pro n\u00e1ro\u010dn\u00e9<\/h4>\n<p data-sourcepos=\"21:1-21:77\">Chcete obdarovat sv\u00e9 bl\u00edzk\u00e9 n\u011b\u010d\u00edm v\u00fdjime\u010dn\u00fdm? N\u00e1\u0161 ln\u011bn\u00fd kilt je ide\u00e1ln\u00edm d\u00e1rkem pro v\u0161echny milovn\u00edky p\u0159\u00edrodn\u00edch materi\u00e1l\u016f a pohodl\u00ed. Na p\u0159\u00e1n\u00ed v\u00e1m vy\u0161ijeme personalizovan\u00fd monogram. Ka\u017ed\u00fd ln\u011bn\u00fd kilt je pe\u010dliv\u011b zabalen\u00fd v d\u00e1rkov\u00e9 krabi\u010dce, p\u0159ipraven\u00fd pot\u011b\u0161it ka\u017ed\u00e9ho obdarovan\u00e9ho.<br \/>Doporu\u010dujeme ho skombinovat s na\u0161imi <a href=\"https:\/\/lanaja.sk\/cs\/kategorie-produktu\/koupelna\/lnene-rucniky-osusky\/\" target=\"_blank\" rel=\"noopener\">ln\u011bn\u00fdmi osu\u0161kami a ru\u010dn\u00edky.<\/a> Za\u017eijte p\u0159\u00edjemn\u00e9 a relaxa\u010dn\u00ed saunov\u00e1n\u00ed v p\u0159\u00edrodn\u00edm materi\u00e1lu, kter\u00fd se postar\u00e1 o va\u0161e pohodl\u00ed.     <\/p>\n<h4 data-sourcepos=\"21:1-21:77\">Velikost:<\/h4>\n<ol>\n<li>S\/L: univerz\u00e1ln\u00ed velikost ve troj\u010d\u00edsl\u00ed: d\u00e9lka 70 cm, \u0161\u00ed\u0159ka 150 cm, max. na pas do 100 cm<\/li>\n<li>XL\/XXL: univerz\u00e1ln\u00ed velikost ve dvoj\u010d\u00edsl\u00ed: d\u00e9lka 70 cm, \u0161\u00ed\u0159ka 165 cm, max. na pas do 120 cm<\/li>\n<\/ol>\n<h4>Barvy:<\/h4>\n<p>B\u00edl\u00e1, ocelov\u011b modr\u00e1 (na fotk\u00e1ch), tmav\u011b \u0161ed\u00e1, sv\u011btle \u0161ed\u00e1.<\/p>\n<p><strong>Aktu\u00e1ln\u011b se do pop\u0159ed\u00ed dost\u00e1v\u00e1 saunov\u00e1n\u00ed s medem. <\/strong>Zn\u00e1te l\u00e9\u010div\u00e9 \u00fa\u010dinky medu? Zlat\u00fd nektar a \u010dl\u00e1nek o pozitivn\u00edch \u00fa\u010dinc\u00edch saunov\u00e1n\u00ed s medem, pokud chcete v\u011bd\u011bt v\u00edce? \u010ct\u011bte <a href=\"https:\/\/zlatynektar.sk\/ritualy-v-saune-ako-a-preco-pouzivat-napriklad-med-a-sol\/\" target=\"_blank\" rel=\"noopener\">ZDE<\/a><\/p>\n<p><strong>Po\u010d\u00edtejte s dodac\u00ed lh\u016ftou 5-15 pracovn\u00edch dn\u016f, pokud nem\u00e1me produkt \u0161it\u00fd skladem, ru\u010dn\u00ed pr\u00e1ce vy\u017eaduje n\u00e1\u0161 \u010das. Ln\u011bn\u00e9 v\u00fdrobky \u0161ijeme v na\u0161\u00ed d\u00edln\u011b dle Va\u0161eho p\u0159\u00e1n\u00ed a na m\u00edru v z\u00e1vislosti na konkr\u00e9tn\u00edm v\u00fdrobku.<\/strong><\/p>\n<p data-sourcepos=\"23:1-23:80\">\n","protected":false},"excerpt":{"rendered":"<p>Nab\u00edz\u00edme v\u00e1m jedine\u010dn\u00fd a nad\u010dasov\u00fd kousek do va\u0161\u00ed sb\u00edrky \u2013 p\u00e1nsk\u00fd ln\u011bn\u00fd kilt, kter\u00fd vyu\u017eijete nejen v saun\u011b. U\u0161ili jsme ho z kvalitn\u00ed certifikovan\u00e9 ln\u011bn\u00e9 l\u00e1tky s vaflovou strukturou, kter\u00e1 spojuje eleganci s prakti\u010dnost\u00ed. Jeho m\u011bkkost a prody\u0161nost zaru\u010duj\u00ed maxim\u00e1ln\u00ed pohodl\u00ed p\u0159i no\u0161en\u00ed. N\u00e1\u0161 ln\u011bn\u00fd kilt je ide\u00e1ln\u00edm spole\u010dn\u00edkem pro v\u0161echny wellness aktivity. Len, jako p\u0159\u00edrodn\u00ed materi\u00e1l, m\u00e1 antibakteri\u00e1ln\u00ed a protiz\u00e1n\u011btliv\u00e9 \u00fa\u010dinky, \u010d\u00edm\u017e podporuje zdrav\u00ed va\u0161\u00ed poko\u017eky.<\/p>\n","protected":false},"featured_media":14812,"template":"","meta":[],"product_brand":[],"product_cat":[184,397],"product_tag":[489],"class_list":{"0":"post-16395","1":"product","2":"type-product","3":"status-publish","4":"has-post-thumbnail","6":"product_cat-lnene-rucniky-osusky","7":"product_cat-lnene-zupany","8":"product_tag-pansky-lneny-kilt-do-sauny","10":"first","11":"onbackorder","12":"shipping-taxable","13":"purchasable","14":"product-type-variable"},"yoast_head":"<!-- This site is optimized with the Yoast SEO plugin v27.4 - https:\/\/yoast.com\/product\/yoast-seo-wordpress\/ -->\n<title>P\u00e1nsk\u00fd ln\u011bn\u00fd kilt do sauny &#8226; Lanaja-slovensk\u00e1 udr\u017eiteln\u00e1 zna\u010dka a v\u00fdrobce ln\u011bn\u00e9ho textilu<\/title>\n<meta name=\"description\" content=\"Nab\u00edz\u00edme v\u00e1m jedine\u010dn\u00fd a nad\u010dasov\u00fd kousek do va\u0161\u00ed sb\u00edrky \u2013 p\u00e1nsk\u00fd ln\u011bn\u00fd kilt nejen do sauny. U\u0161ili jsme ho z kvalitn\u00ed certifikovan\u00e9 ln\u011bn\u00e9 l\u00e1tky\" \/>\n<meta name=\"robots\" content=\"index, follow, max-snippet:-1, max-image-preview:large, max-video-preview:-1\" \/>\n<link rel=\"canonical\" href=\"https:\/\/lanaja.sk\/cs\/obchod\/pansky-lneny-kilt-do-sauny\/\" \/>\n<meta property=\"og:locale\" content=\"cs_CZ\" \/>\n<meta property=\"og:type\" content=\"article\" \/>\n<meta property=\"og:title\" content=\"P\u00e1nsk\u00fd ln\u011bn\u00fd kilt do sauny &#8226; Lanaja-slovensk\u00e1 udr\u017eiteln\u00e1 zna\u010dka a v\u00fdrobce ln\u011bn\u00e9ho textilu\" \/>\n<meta property=\"og:description\" content=\"Nab\u00edz\u00edme v\u00e1m jedine\u010dn\u00fd a nad\u010dasov\u00fd kousek do va\u0161\u00ed sb\u00edrky \u2013 p\u00e1nsk\u00fd ln\u011bn\u00fd kilt nejen do sauny. U\u0161ili jsme ho z kvalitn\u00ed certifikovan\u00e9 ln\u011bn\u00e9 l\u00e1tky\" \/>\n<meta property=\"og:url\" content=\"https:\/\/lanaja.sk\/cs\/obchod\/pansky-lneny-kilt-do-sauny\/\" \/>\n<meta property=\"og:site_name\" content=\"Lanaja-slovensk\u00e1 udr\u017eiteln\u00e1 zna\u010dka a v\u00fdrobce ln\u011bn\u00e9ho textilu\" \/>\n<meta property=\"article:publisher\" content=\"https:\/\/www.facebook.com\/Abreadbag\" \/>\n<meta property=\"article:modified_time\" content=\"2025-10-05T14:03:25+00:00\" \/>\n<meta property=\"og:image\" content=\"https:\/\/lanaja.sk\/wp-content\/uploads\/2024\/09\/pansky-kilt-do-sauny2-scaled-e1725206286604.jpg\" \/>\n\t<meta property=\"og:image:width\" content=\"1549\" \/>\n\t<meta property=\"og:image:height\" content=\"2560\" \/>\n\t<meta property=\"og:image:type\" content=\"image\/jpeg\" \/>\n<meta name=\"twitter:card\" content=\"summary_large_image\" \/>\n<meta name=\"twitter:label1\" content=\"Odhadovan\u00e1 doba \u010dten\u00ed\" \/>\n\t<meta name=\"twitter:data1\" content=\"3 minuty\" \/>\n<script type=\"application\/ld+json\" class=\"yoast-schema-graph\">{\"@context\":\"https:\\\/\\\/schema.org\",\"@graph\":[{\"@type\":\"WebPage\",\"@id\":\"https:\\\/\\\/lanaja.sk\\\/cs\\\/obchod\\\/pansky-lneny-kilt-do-sauny\\\/\",\"url\":\"https:\\\/\\\/lanaja.sk\\\/cs\\\/obchod\\\/pansky-lneny-kilt-do-sauny\\\/\",\"name\":\"P\u00e1nsk\u00fd ln\u011bn\u00fd kilt do sauny &#8226; Lanaja-slovensk\u00e1 udr\u017eiteln\u00e1 zna\u010dka a v\u00fdrobce ln\u011bn\u00e9ho textilu\",\"isPartOf\":{\"@id\":\"https:\\\/\\\/lanaja.sk\\\/cs\\\/#website\"},\"primaryImageOfPage\":{\"@id\":\"https:\\\/\\\/lanaja.sk\\\/cs\\\/obchod\\\/pansky-lneny-kilt-do-sauny\\\/#primaryimage\"},\"image\":{\"@id\":\"https:\\\/\\\/lanaja.sk\\\/cs\\\/obchod\\\/pansky-lneny-kilt-do-sauny\\\/#primaryimage\"},\"thumbnailUrl\":\"https:\\\/\\\/lanaja.sk\\\/wp-content\\\/uploads\\\/2024\\\/09\\\/pansky-kilt-do-sauny2-scaled-e1725206286604.jpg\",\"datePublished\":\"2024-09-01T16:09:22+00:00\",\"dateModified\":\"2025-10-05T14:03:25+00:00\",\"description\":\"Nab\u00edz\u00edme v\u00e1m jedine\u010dn\u00fd a nad\u010dasov\u00fd kousek do va\u0161\u00ed sb\u00edrky \u2013 p\u00e1nsk\u00fd ln\u011bn\u00fd kilt nejen do sauny. U\u0161ili jsme ho z kvalitn\u00ed certifikovan\u00e9 ln\u011bn\u00e9 l\u00e1tky\",\"breadcrumb\":{\"@id\":\"https:\\\/\\\/lanaja.sk\\\/cs\\\/obchod\\\/pansky-lneny-kilt-do-sauny\\\/#breadcrumb\"},\"inLanguage\":\"cs\",\"potentialAction\":[{\"@type\":\"ReadAction\",\"target\":[\"https:\\\/\\\/lanaja.sk\\\/cs\\\/obchod\\\/pansky-lneny-kilt-do-sauny\\\/\"]}]},{\"@type\":\"ImageObject\",\"inLanguage\":\"cs\",\"@id\":\"https:\\\/\\\/lanaja.sk\\\/cs\\\/obchod\\\/pansky-lneny-kilt-do-sauny\\\/#primaryimage\",\"url\":\"https:\\\/\\\/lanaja.sk\\\/wp-content\\\/uploads\\\/2024\\\/09\\\/pansky-kilt-do-sauny2-scaled-e1725206286604.jpg\",\"contentUrl\":\"https:\\\/\\\/lanaja.sk\\\/wp-content\\\/uploads\\\/2024\\\/09\\\/pansky-kilt-do-sauny2-scaled-e1725206286604.jpg\",\"width\":1549,\"height\":2560,\"caption\":\"\u013eanov\u00fd kilt do sauny Lanaja\"},{\"@type\":\"BreadcrumbList\",\"@id\":\"https:\\\/\\\/lanaja.sk\\\/cs\\\/obchod\\\/pansky-lneny-kilt-do-sauny\\\/#breadcrumb\",\"itemListElement\":[{\"@type\":\"ListItem\",\"position\":1,\"name\":\"Home\",\"item\":\"https:\\\/\\\/lanaja.sk\\\/cs\\\/\"},{\"@type\":\"ListItem\",\"position\":2,\"name\":\"Obchod\",\"item\":\"https:\\\/\\\/lanaja.sk\\\/cs\\\/obchod-cz\\\/\"},{\"@type\":\"ListItem\",\"position\":3,\"name\":\"P\u00e1nsk\u00fd ln\u011bn\u00fd kilt do sauny\"}]},{\"@type\":\"WebSite\",\"@id\":\"https:\\\/\\\/lanaja.sk\\\/cs\\\/#website\",\"url\":\"https:\\\/\\\/lanaja.sk\\\/cs\\\/\",\"name\":\"Lanaja - bytov\u00fd textil z \u013eanu a \u013eanov\u00e9 v\u00fdrobky\",\"description\":\"Jedine\u010dn\u00fd bytov\u00fd textil, ln\u011bn\u00e9 pytl\u00edky, ln\u011bn\u00e9 ubrusy, ln\u011bn\u00e9 lo\u017en\u00ed povle\u010den\u00ed, ln\u011bn\u00e9 ut\u011brky, ln\u011bn\u00e9 prost\u00edr\u00e1n\u00ed vyroben\u00e9 a \u0161it\u00e9 na Slovensku\",\"publisher\":{\"@id\":\"https:\\\/\\\/lanaja.sk\\\/cs\\\/#organization\"},\"alternateName\":\"Lanaja - v\u00fdrobky z \u013eanu, \u013eanov\u00fd bytov\u00fd textil\",\"potentialAction\":[{\"@type\":\"SearchAction\",\"target\":{\"@type\":\"EntryPoint\",\"urlTemplate\":\"https:\\\/\\\/lanaja.sk\\\/cs\\\/?s={search_term_string}\"},\"query-input\":{\"@type\":\"PropertyValueSpecification\",\"valueRequired\":true,\"valueName\":\"search_term_string\"}}],\"inLanguage\":\"cs\"},{\"@type\":\"Organization\",\"@id\":\"https:\\\/\\\/lanaja.sk\\\/cs\\\/#organization\",\"name\":\"Lanaja\",\"alternateName\":\"Al\u017ebeta Andr\u00e1\u0161ikov\u00e1 - Lanaja\",\"url\":\"https:\\\/\\\/lanaja.sk\\\/cs\\\/\",\"logo\":{\"@type\":\"ImageObject\",\"inLanguage\":\"cs\",\"@id\":\"https:\\\/\\\/lanaja.sk\\\/cs\\\/#\\\/schema\\\/logo\\\/image\\\/\",\"url\":\"https:\\\/\\\/lanaja.sk\\\/wp-content\\\/uploads\\\/2024\\\/01\\\/Lanaja.sk-logo.png\",\"contentUrl\":\"https:\\\/\\\/lanaja.sk\\\/wp-content\\\/uploads\\\/2024\\\/01\\\/Lanaja.sk-logo.png\",\"width\":600,\"height\":300,\"caption\":\"Lanaja\"},\"image\":{\"@id\":\"https:\\\/\\\/lanaja.sk\\\/cs\\\/#\\\/schema\\\/logo\\\/image\\\/\"},\"sameAs\":[\"https:\\\/\\\/www.facebook.com\\\/Abreadbag\",\"https:\\\/\\\/www.instagram.com\\\/lanaja_sk\\\/\"]}]}<\/script>\n<!-- \/ Yoast SEO plugin. -->","yoast_head_json":{"title":"P\u00e1nsk\u00fd ln\u011bn\u00fd kilt do sauny &#8226; Lanaja-slovensk\u00e1 udr\u017eiteln\u00e1 zna\u010dka a v\u00fdrobce ln\u011bn\u00e9ho textilu","description":"Nab\u00edz\u00edme v\u00e1m jedine\u010dn\u00fd a nad\u010dasov\u00fd kousek do va\u0161\u00ed sb\u00edrky \u2013 p\u00e1nsk\u00fd ln\u011bn\u00fd kilt nejen do sauny. U\u0161ili jsme ho z kvalitn\u00ed certifikovan\u00e9 ln\u011bn\u00e9 l\u00e1tky","robots":{"index":"index","follow":"follow","max-snippet":"max-snippet:-1","max-image-preview":"max-image-preview:large","max-video-preview":"max-video-preview:-1"},"canonical":"https:\/\/lanaja.sk\/cs\/obchod\/pansky-lneny-kilt-do-sauny\/","og_locale":"cs_CZ","og_type":"article","og_title":"P\u00e1nsk\u00fd ln\u011bn\u00fd kilt do sauny &#8226; Lanaja-slovensk\u00e1 udr\u017eiteln\u00e1 zna\u010dka a v\u00fdrobce ln\u011bn\u00e9ho textilu","og_description":"Nab\u00edz\u00edme v\u00e1m jedine\u010dn\u00fd a nad\u010dasov\u00fd kousek do va\u0161\u00ed sb\u00edrky \u2013 p\u00e1nsk\u00fd ln\u011bn\u00fd kilt nejen do sauny. U\u0161ili jsme ho z kvalitn\u00ed certifikovan\u00e9 ln\u011bn\u00e9 l\u00e1tky","og_url":"https:\/\/lanaja.sk\/cs\/obchod\/pansky-lneny-kilt-do-sauny\/","og_site_name":"Lanaja-slovensk\u00e1 udr\u017eiteln\u00e1 zna\u010dka a v\u00fdrobce ln\u011bn\u00e9ho textilu","article_publisher":"https:\/\/www.facebook.com\/Abreadbag","article_modified_time":"2025-10-05T14:03:25+00:00","og_image":[{"width":1549,"height":2560,"url":"https:\/\/lanaja.sk\/wp-content\/uploads\/2024\/09\/pansky-kilt-do-sauny2-scaled-e1725206286604.jpg","type":"image\/jpeg"}],"twitter_card":"summary_large_image","twitter_misc":{"Odhadovan\u00e1 doba \u010dten\u00ed":"3 minuty"},"schema":{"@context":"https:\/\/schema.org","@graph":[{"@type":"WebPage","@id":"https:\/\/lanaja.sk\/cs\/obchod\/pansky-lneny-kilt-do-sauny\/","url":"https:\/\/lanaja.sk\/cs\/obchod\/pansky-lneny-kilt-do-sauny\/","name":"P\u00e1nsk\u00fd ln\u011bn\u00fd kilt do sauny &#8226; Lanaja-slovensk\u00e1 udr\u017eiteln\u00e1 zna\u010dka a v\u00fdrobce ln\u011bn\u00e9ho textilu","isPartOf":{"@id":"https:\/\/lanaja.sk\/cs\/#website"},"primaryImageOfPage":{"@id":"https:\/\/lanaja.sk\/cs\/obchod\/pansky-lneny-kilt-do-sauny\/#primaryimage"},"image":{"@id":"https:\/\/lanaja.sk\/cs\/obchod\/pansky-lneny-kilt-do-sauny\/#primaryimage"},"thumbnailUrl":"https:\/\/lanaja.sk\/wp-content\/uploads\/2024\/09\/pansky-kilt-do-sauny2-scaled-e1725206286604.jpg","datePublished":"2024-09-01T16:09:22+00:00","dateModified":"2025-10-05T14:03:25+00:00","description":"Nab\u00edz\u00edme v\u00e1m jedine\u010dn\u00fd a nad\u010dasov\u00fd kousek do va\u0161\u00ed sb\u00edrky \u2013 p\u00e1nsk\u00fd ln\u011bn\u00fd kilt nejen do sauny. U\u0161ili jsme ho z kvalitn\u00ed certifikovan\u00e9 ln\u011bn\u00e9 l\u00e1tky","breadcrumb":{"@id":"https:\/\/lanaja.sk\/cs\/obchod\/pansky-lneny-kilt-do-sauny\/#breadcrumb"},"inLanguage":"cs","potentialAction":[{"@type":"ReadAction","target":["https:\/\/lanaja.sk\/cs\/obchod\/pansky-lneny-kilt-do-sauny\/"]}]},{"@type":"ImageObject","inLanguage":"cs","@id":"https:\/\/lanaja.sk\/cs\/obchod\/pansky-lneny-kilt-do-sauny\/#primaryimage","url":"https:\/\/lanaja.sk\/wp-content\/uploads\/2024\/09\/pansky-kilt-do-sauny2-scaled-e1725206286604.jpg","contentUrl":"https:\/\/lanaja.sk\/wp-content\/uploads\/2024\/09\/pansky-kilt-do-sauny2-scaled-e1725206286604.jpg","width":1549,"height":2560,"caption":"\u013eanov\u00fd kilt do sauny Lanaja"},{"@type":"BreadcrumbList","@id":"https:\/\/lanaja.sk\/cs\/obchod\/pansky-lneny-kilt-do-sauny\/#breadcrumb","itemListElement":[{"@type":"ListItem","position":1,"name":"Home","item":"https:\/\/lanaja.sk\/cs\/"},{"@type":"ListItem","position":2,"name":"Obchod","item":"https:\/\/lanaja.sk\/cs\/obchod-cz\/"},{"@type":"ListItem","position":3,"name":"P\u00e1nsk\u00fd ln\u011bn\u00fd kilt do sauny"}]},{"@type":"WebSite","@id":"https:\/\/lanaja.sk\/cs\/#website","url":"https:\/\/lanaja.sk\/cs\/","name":"Lanaja - bytov\u00fd textil z \u013eanu a \u013eanov\u00e9 v\u00fdrobky","description":"Jedine\u010dn\u00fd bytov\u00fd textil, ln\u011bn\u00e9 pytl\u00edky, ln\u011bn\u00e9 ubrusy, ln\u011bn\u00e9 lo\u017en\u00ed povle\u010den\u00ed, ln\u011bn\u00e9 ut\u011brky, ln\u011bn\u00e9 prost\u00edr\u00e1n\u00ed vyroben\u00e9 a \u0161it\u00e9 na Slovensku","publisher":{"@id":"https:\/\/lanaja.sk\/cs\/#organization"},"alternateName":"Lanaja - v\u00fdrobky z \u013eanu, \u013eanov\u00fd bytov\u00fd textil","potentialAction":[{"@type":"SearchAction","target":{"@type":"EntryPoint","urlTemplate":"https:\/\/lanaja.sk\/cs\/?s={search_term_string}"},"query-input":{"@type":"PropertyValueSpecification","valueRequired":true,"valueName":"search_term_string"}}],"inLanguage":"cs"},{"@type":"Organization","@id":"https:\/\/lanaja.sk\/cs\/#organization","name":"Lanaja","alternateName":"Al\u017ebeta Andr\u00e1\u0161ikov\u00e1 - Lanaja","url":"https:\/\/lanaja.sk\/cs\/","logo":{"@type":"ImageObject","inLanguage":"cs","@id":"https:\/\/lanaja.sk\/cs\/#\/schema\/logo\/image\/","url":"https:\/\/lanaja.sk\/wp-content\/uploads\/2024\/01\/Lanaja.sk-logo.png","contentUrl":"https:\/\/lanaja.sk\/wp-content\/uploads\/2024\/01\/Lanaja.sk-logo.png","width":600,"height":300,"caption":"Lanaja"},"image":{"@id":"https:\/\/lanaja.sk\/cs\/#\/schema\/logo\/image\/"},"sameAs":["https:\/\/www.facebook.com\/Abreadbag","https:\/\/www.instagram.com\/lanaja_sk\/"]}]}},"_links":{"self":[{"href":"https:\/\/lanaja.sk\/cs\/wp-json\/wp\/v2\/product\/16395","targetHints":{"allow":["GET"]}}],"collection":[{"href":"https:\/\/lanaja.sk\/cs\/wp-json\/wp\/v2\/product"}],"about":[{"href":"https:\/\/lanaja.sk\/cs\/wp-json\/wp\/v2\/types\/product"}],"version-history":[{"count":1,"href":"https:\/\/lanaja.sk\/cs\/wp-json\/wp\/v2\/product\/16395\/revisions"}],"predecessor-version":[{"id":16396,"href":"https:\/\/lanaja.sk\/cs\/wp-json\/wp\/v2\/product\/16395\/revisions\/16396"}],"wp:featuredmedia":[{"embeddable":true,"href":"https:\/\/lanaja.sk\/cs\/wp-json\/wp\/v2\/media\/14812"}],"wp:attachment":[{"href":"https:\/\/lanaja.sk\/cs\/wp-json\/wp\/v2\/media?parent=16395"}],"wp:term":[{"taxonomy":"product_brand","embeddable":true,"href":"https:\/\/lanaja.sk\/cs\/wp-json\/wp\/v2\/product_brand?post=16395"},{"taxonomy":"product_cat","embeddable":true,"href":"https:\/\/lanaja.sk\/cs\/wp-json\/wp\/v2\/product_cat?post=16395"},{"taxonomy":"product_tag","embeddable":true,"href":"https:\/\/lanaja.sk\/cs\/wp-json\/wp\/v2\/product_tag?post=16395"}],"curies":[{"name":"wp","href":"https:\/\/api.w.org\/{rel}","templated":true}]}}