{"id":16476,"date":"2024-06-17T16:50:21","date_gmt":"2024-06-17T14:50:21","guid":{"rendered":"https:\/\/lanaja.sk\/obchod\/nezarazene\/taska-z-rucne-tkaneho-platna\/"},"modified":"2024-06-17T16:50:21","modified_gmt":"2024-06-17T14:50:21","slug":"taska-z-rucne-tkaneho-platna","status":"publish","type":"product","link":"https:\/\/lanaja.sk\/cs\/obchod\/taska-z-rucne-tkaneho-platna\/","title":{"rendered":"Ta\u0161ka z ru\u010dn\u011b tkan\u00e9ho pl\u00e1tna"},"content":{"rendered":"<h2>Ta\u0161ka z ru\u010dn\u011b tkan\u00e9ho pl\u00e1tna<\/h2>\n<p><strong>Zbytky l\u00e1tek se v kolekci &#8222;Ln\u011bn\u00e9 p\u0159\u00edb\u011bhy&#8220; prom\u011bn\u00ed v poklady <\/strong><\/p>\n<p data-sourcepos=\"3:1-3:288\">V na\u0161em e-shopu s hrdost\u00ed p\u0159edstavujeme <strong>upcyklovanou ln\u011bnou kolekci<\/strong>, kter\u00e1 vznikla z na\u0161\u00ed l\u00e1sky k udr\u017eitelnosti a k pr\u00e1ci s v\u00fdjime\u010dn\u00fdmi materi\u00e1ly. Kolekce je u\u0161it\u00e1 ze zbytkov\u00fdch ln\u011bn\u00fdch l\u00e1tek a vz\u00e1cn\u00e9ho ru\u010dn\u011b tkan\u00e9ho ln\u011bn\u00e9ho pl\u00e1tna, kter\u00e9 jsme zachr\u00e1nili p\u0159ed vyhozen\u00edm.<\/p>\n<p data-sourcepos=\"5:1-5:36\">Ka\u017ed\u00fd kus v kolekci je u\u0161it\u00fd ze <strong>ln\u011bn\u00fdch l\u00e1tek<\/strong>, kter\u00e9 by jinak skon\u010dily jako odpad. D\u00e1v\u00e1me jim nov\u00fd \u017eivot a p\u0159etv\u00e1\u0159\u00edme je ve <strong>funk\u010dn\u00ed a stylov\u00e9 kousky oble\u010den\u00ed a bytov\u00e9ho textilu<\/strong>.<\/p>\n<h4 data-sourcepos=\"9:1-9:26\"><strong>Vz\u00e1cn\u00fd ru\u010dn\u011b tkan\u00fd len a ta\u0161ka z ln\u011bn\u00e9ho pl\u00e1tna<\/strong><\/h4>\n<p data-sourcepos=\"11:1-11:196\">Krom\u011b b\u011b\u017en\u00fdch ln\u011bn\u00fdch l\u00e1tek jsme do kolekce zakomponovali tak\u00e9 <strong>vz\u00e1cn\u00e9 kusy tradi\u010dn\u00edho ru\u010dn\u011b tkan\u00e9ho ln\u011bn\u00e9ho pl\u00e1tna.<\/strong> Tyto l\u00e1tky p\u0159edstavuj\u00ed kus \u0159emesln\u00e9 tradice a um\u011bn\u00ed a z nich je u\u0161ita i na\u0161e upcyklovan\u00e1 kolekce.<\/p>\n<h4 data-sourcepos=\"11:1-11:196\"><strong>P\u0159\u00edb\u011bh vetkan\u00fd do vl\u00e1ken:<\/strong><\/h4>\n<p data-sourcepos=\"11:1-11:196\">Ka\u017ed\u00fd kousek z na\u0161\u00ed upcyklovan\u00e9 ln\u011bn\u00e9 kolekce m\u00e1 sv\u016fj p\u0159\u00edb\u011bh. Je to z materi\u00e1l\u016f, kter\u00e9 m\u011bly minulost a nyn\u00ed se prom\u011bnily v n\u011bco nov\u00e9ho a u\u017eite\u010dn\u00e9ho.<\/p>\n<h4 data-sourcepos=\"16:1-16:49\"><strong>Ta\u0161ka z ln\u011bn\u00e9ho pl\u00e1tna tkan\u00e1 tradi\u010dn\u00ed technikou m\u00e1: <\/strong><\/h4>\n<ul data-sourcepos=\"18:1-22:0\">\n<li data-sourcepos=\"18:1-18:112\"><strong>Jedine\u010dn\u00fd design:<\/strong> Ka\u017ed\u00e1 ta\u0161ka je origin\u00e1l a odr\u00e1\u017e\u00ed kr\u00e1su a jedine\u010dnost ru\u010dn\u011b tkan\u00e9ho lnu.<\/li>\n<li data-sourcepos=\"19:1-19:146\"><strong>Odolnost a prakti\u010dnost:<\/strong> Len je pevn\u00fd a odoln\u00fd materi\u00e1l, ta\u0161ka z ln\u011bn\u00e9ho pl\u00e1tna v\u00e1m vydr\u017e\u00ed roky. Je praktick\u00e1, vhodn\u00e1 pro ka\u017edodenn\u00ed no\u0161en\u00ed, s jednou vnit\u0159n\u00ed kapsou. M\u016f\u017eete jej pou\u017e\u00edt pro r\u016fzn\u00e9 \u00fa\u010dely, jako je nakupov\u00e1n\u00ed, pr\u00e1ce, dovolen\u00e1 nebo \u0161kola.<\/li>\n<li data-sourcepos=\"20:1-20:66\"><strong>P\u0159\u00edjemn\u00fd na dotyk: <\/strong>Ln\u011bn\u00e9 pl\u00e1tno je p\u0159\u00edjemn\u00e9 na dotyk.<\/li>\n<li data-sourcepos=\"21:1-22:0\"><strong>Podpora tradi\u010dn\u00edho \u0159emesla:<\/strong> Koup\u00ed ta\u0161ky podpo\u0159\u00edte zachov\u00e1n\u00ed tradi\u010dn\u00edho \u0159emesla a poctivou slovenskou v\u00fdrobu. Ka\u017ed\u00e1 nitka a vzor na pl\u00e1tn\u011b vypr\u00e1v\u00ed p\u0159\u00edb\u011bh o zru\u010dnosti a l\u00e1sce, se kterou ho tkaly zku\u0161en\u00e9 ruce.<\/li>\n<\/ul>\n<h4 data-sourcepos=\"13:1-13:21\"><strong>Pro\u010d upcyklace?<\/strong><\/h4>\n<p data-sourcepos=\"15:1-15:366\">Upcyklace textilu je d\u016fle\u017eitou sou\u010d\u00e1st\u00ed boje <strong>proti pl\u00fdtv\u00e1n\u00ed a zne\u010di\u0161t\u011bn\u00ed \u017eivotn\u00edho prost\u0159ed\u00ed.<\/strong> Textiln\u00ed pr\u016fmysl je jedn\u00edm z nejv\u011bt\u0161\u00edch zne\u010di\u0161\u0165ovatel\u016f planety a v\u00fdroba nov\u00fdch tkanin m\u00e1 v\u00fdznamn\u00fd dopad na \u017eivotn\u00ed prost\u0159ed\u00ed. Upcyklac\u00ed sni\u017eujeme spot\u0159ebu surovin, energie a vody a z\u00e1rove\u0148 d\u00e1v\u00e1me nov\u00fd \u017eivot materi\u00e1l\u016fm, kter\u00e9 by jinak byly zbyte\u010dn\u011b vyhozeny.<\/p>\n<h4 data-sourcepos=\"17:1-17:35\"><strong>Upcyklovan\u00e1 ln\u011bn\u00e1 kolekce je:<\/strong><\/h4>\n<ul data-sourcepos=\"19:1-24:0\">\n<li data-sourcepos=\"19:1-19:69\"><strong>Ekologick\u00e1:<\/strong> U\u0161ita z p\u0159\u00edrodn\u00edch ln\u011bn\u00fdch l\u00e1tek.<\/li>\n<li data-sourcepos=\"20:1-20:58\"><strong>Jedine\u010dn\u00e1:<\/strong> Ka\u017ed\u00fd kus je origin\u00e1l a m\u00e1 sv\u016fj vlastn\u00ed p\u0159\u00edb\u011bh. Je u\u0161ita z unik\u00e1tn\u00edch ln\u011bn\u00fdch l\u00e1tek, tak\u017ee nenajdete dv\u011b stejn\u00e9.<\/li>\n<li data-sourcepos=\"22:1-22:56\"><strong>Kvalita:<\/strong> Db\u00e1me na st\u0159ihy, zpracov\u00e1n\u00ed ka\u017ed\u00e9ho produktu, st\u0159\u00edh\u00e1me l\u00e1tky tak, aby nez\u016fstal ani mal\u00fd kousek odpadu. Pou\u017e\u00edv\u00e1me zbytky z v\u00fdroby na\u0161ich ln\u011bn\u00fdch v\u00fdrobk\u016f, \u010d\u00edm\u017e p\u0159edch\u00e1z\u00edme pl\u00fdtv\u00e1n\u00ed materi\u00e1lem.<\/li>\n<li data-sourcepos=\"22:1-22:56\"><strong>Vyrobeno s l\u00e1skou a p\u00e9\u010d\u00ed:<\/strong> Na\u0161e v\u00fdrobky \u0161ijeme ru\u010dn\u011b s preciznost\u00ed a respektem k materi\u00e1lu.<\/li>\n<li data-sourcepos=\"22:1-22:56\"><strong>Trvale udr\u017eiteln\u00e1:<\/strong> Upcyklac\u00ed ln\u011bn\u00fdch l\u00e1tek sni\u017eujeme dopad na \u017eivotn\u00ed prost\u0159ed\u00ed a prodlu\u017eujeme \u017eivotnost materi\u00e1lu.<\/li>\n<li data-sourcepos=\"22:1-22:56\"><strong>Lok\u00e1ln\u011b \u0161it\u00e9:<\/strong> V\u0161echny na\u0161e v\u00fdrobky jsou s l\u00e1skou \u0161it\u00e9 v na\u0161\u00ed rodinn\u00e9 d\u00edln\u011b na Slovensku.<\/li>\n<\/ul>\n<h4><strong>Zakoupen\u00edm produktu z na\u0161\u00ed kolekce upcyklovan\u00e9ho lnu:<\/strong><\/h4>\n<ul data-sourcepos=\"27:1-30:0\">\n<li data-sourcepos=\"27:1-27:49\">P\u0159isp\u00edv\u00e1te k ochran\u011b \u017eivotn\u00edho prost\u0159ed\u00ed.<\/li>\n<li data-sourcepos=\"28:1-28:43\">Podporujete m\u00edstn\u00ed v\u00fdrobu a \u0159emeslnou zru\u010dnost.<\/li>\n<li data-sourcepos=\"29:1-30:0\">Vlastn\u00edte jedine\u010dn\u00fd a origin\u00e1ln\u00ed kus oble\u010den\u00ed nebo bytov\u00e9ho textilu, kter\u00fd nikdo jin\u00fd m\u00edt nebude.<\/li>\n<li data-sourcepos=\"29:1-30:0\">Podpo\u0159\u00edte udr\u017eitelnou m\u00f3du<\/li>\n<li data-sourcepos=\"29:1-30:0\">Vyj\u00e1d\u0159\u00edte sv\u016fj styl: Upcyklovan\u00fd len je symbolem v\u011bdom\u00e9ho a zodpov\u011bdn\u00e9ho p\u0159\u00edstupu k m\u00f3d\u011b.<\/li>\n<\/ul>\n<p><strong>Upcyklace pro n\u00e1s nen\u00ed jen trend, ale \u017eivotn\u00ed styl.<\/strong> V\u011b\u0159\u00edme, \u017ee ka\u017ed\u00fd u\u0161it\u00fd kus m\u00e1 sv\u016fj p\u0159\u00edb\u011bh a zaslou\u017e\u00ed si, aby se k n\u011bmu p\u0159istupovalo s respektem. Kolekce &#8222;Ln\u011bn\u00e9 p\u0159\u00edb\u011bhy&#8220; je oslavou \u0159emesla, tradice a udr\u017eitelnosti.<\/p>\n<p data-sourcepos=\"31:1-31:107\">Objevte kr\u00e1su a jedine\u010dnost upcyklace a dejte nov\u00fd \u017eivot vz\u00e1cn\u00fdm materi\u00e1l\u016fm s na\u0161\u00ed ln\u011bnou kolekc\u00ed! V\u011b\u0159\u00edme, \u017ee na\u0161e upcyklovan\u00e1 ln\u011bn\u00e1 kolekce si v\u00e1s z\u00edsk\u00e1 svou kr\u00e1sou, jedine\u010dnost\u00ed, udr\u017eiteln\u00fdm p\u0159\u00edstupem a p\u0159\u00edb\u011bhem, kter\u00fd v sob\u011b skr\u00fdv\u00e1. V\u011b\u0159\u00edme, \u017ee ka\u017ed\u00fd kousek v t\u00e9to kolekci si zaslou\u017e\u00ed uzn\u00e1n\u00ed a \u00factu, a proto s n\u00edm zach\u00e1z\u00edme s maxim\u00e1ln\u00ed p\u00e9\u010d\u00ed.<\/p>\n<p data-sourcepos=\"11:1-11:249\">Ta\u0161ka z ln\u011bn\u00e9ho pl\u00e1tna je u\u0161ita v limitovan\u00e9m po\u010dtu kus\u016f, tak\u017ee budete vlastnit opravdu v\u00fdjime\u010dn\u00fd kousek.<\/p>\n<p data-sourcepos=\"11:1-11:249\">ROZM\u011aRY: \u0161\u00ed\u0159ka 54 cm, v\u00fd\u0161ka 43 cm<\/p>\n<p>Prohl\u00e9dn\u011bte si celou na\u0161i limitovanou upcyklovanou kolekci <a href=\"https:\/\/lanaja.sk\/cs\/kategorie-produktu\/upcyklovana-kolekce\/\">\u201eLN\u011aN\u00c9 P\u0158\u00cdB\u011aHY&#8220; <\/a><\/p>\n","protected":false},"excerpt":{"rendered":"<p>V duchu udr\u017eitelnosti a zodpov\u011bdn\u00e9ho p\u0159\u00edstupu k m\u00f3d\u011b v\u00e1m s hrdost\u00ed p\u0159edstavujeme na\u0161i <strong>upcyklovanou ln\u011bnou kolekci ,,Ln\u011bn\u00e9 p\u0159\u00edb\u011bhy\u201d.<\/strong> Tato kolekce je jedine\u010dn\u00e1 nejen sv\u00fdm designem, ale tak\u00e9 p\u0159\u00edb\u011bhem, kter\u00fd skr\u00fdv\u00e1. Upcyklace ln\u011bn\u00fdch l\u00e1tek nen\u00ed jen o m\u00f3d\u011b a trendech. Je to o odpov\u011bdnosti a respektu k \u017eivotn\u00edmu prost\u0159ed\u00ed. Je to oslava tradice a um\u011bn\u00ed prom\u011bnit star\u00e9 v nov\u00e9. Objevte na\u0161i upcyklovanou ln\u011bnou kolekci a sta\u0148te se sou\u010d\u00e1st\u00ed zm\u011bny.<\/p>\n","protected":false},"featured_media":14986,"template":"","meta":[],"product_brand":[],"product_cat":[358,421],"product_tag":[424,426,425],"class_list":{"0":"post-16476","1":"product","2":"type-product","3":"status-publish","4":"has-post-thumbnail","6":"product_cat-lnene-tasky","7":"product_cat-upcyklovana-kolekce","8":"product_tag-lnene-platno-cs","9":"product_tag-rucne-tkany-len","10":"product_tag-upcyklovana-kolekce","12":"first","13":"instock","14":"shipping-taxable","15":"purchasable","16":"product-type-simple"},"yoast_head":"<!-- This site is optimized with the Yoast SEO plugin v27.4 - https:\/\/yoast.com\/product\/yoast-seo-wordpress\/ -->\n<title>Ta\u0161ka z ru\u010dn\u011b tkan\u00e9ho pl\u00e1tna &#8226; Lanaja-slovensk\u00e1 udr\u017eiteln\u00e1 zna\u010dka a v\u00fdrobce ln\u011bn\u00e9ho textilu<\/title>\n<meta name=\"description\" content=\"Zbytky l\u00e1tek se m\u011bn\u00ed v poklady v kolekci ,,Ln\u011bn\u00e9 p\u0159\u00edb\u011bhy\u201d. Ta\u0161ka z ru\u010dn\u011b tkan\u00e9ho pl\u00e1tna v\u00e1m vydr\u017e\u00ed roky, je oslavou ru\u010dn\u00ed pr\u00e1ce, tradice a udr\u017eitelnosti.\" \/>\n<meta name=\"robots\" content=\"index, follow, max-snippet:-1, max-image-preview:large, max-video-preview:-1\" \/>\n<link rel=\"canonical\" href=\"https:\/\/lanaja.sk\/cs\/obchod\/taska-z-rucne-tkaneho-platna\/\" \/>\n<meta property=\"og:locale\" content=\"cs_CZ\" \/>\n<meta property=\"og:type\" content=\"article\" \/>\n<meta property=\"og:title\" content=\"Ta\u0161ka z ru\u010dn\u011b tkan\u00e9ho pl\u00e1tna &#8226; Lanaja-slovensk\u00e1 udr\u017eiteln\u00e1 zna\u010dka a v\u00fdrobce ln\u011bn\u00e9ho textilu\" \/>\n<meta property=\"og:description\" content=\"Zbytky l\u00e1tek se m\u011bn\u00ed v poklady v kolekci ,,Ln\u011bn\u00e9 p\u0159\u00edb\u011bhy\u201d. Ta\u0161ka z ru\u010dn\u011b tkan\u00e9ho pl\u00e1tna v\u00e1m vydr\u017e\u00ed roky, je oslavou ru\u010dn\u00ed pr\u00e1ce, tradice a udr\u017eitelnosti.\" \/>\n<meta property=\"og:url\" content=\"https:\/\/lanaja.sk\/cs\/obchod\/taska-z-rucne-tkaneho-platna\/\" \/>\n<meta property=\"og:site_name\" content=\"Lanaja-slovensk\u00e1 udr\u017eiteln\u00e1 zna\u010dka a v\u00fdrobce ln\u011bn\u00e9ho textilu\" \/>\n<meta property=\"article:publisher\" content=\"https:\/\/www.facebook.com\/Abreadbag\" \/>\n<meta property=\"og:image\" content=\"https:\/\/lanaja.sk\/wp-content\/uploads\/2024\/06\/Taska-z-rucne-tkaneho-platna-scaled.jpg\" \/>\n\t<meta property=\"og:image:width\" content=\"1806\" \/>\n\t<meta property=\"og:image:height\" content=\"2560\" \/>\n\t<meta property=\"og:image:type\" content=\"image\/jpeg\" \/>\n<meta name=\"twitter:card\" content=\"summary_large_image\" \/>\n<meta name=\"twitter:label1\" content=\"Odhadovan\u00e1 doba \u010dten\u00ed\" \/>\n\t<meta name=\"twitter:data1\" content=\"4 minuty\" \/>\n<script type=\"application\/ld+json\" class=\"yoast-schema-graph\">{\"@context\":\"https:\\\/\\\/schema.org\",\"@graph\":[{\"@type\":\"WebPage\",\"@id\":\"https:\\\/\\\/lanaja.sk\\\/cs\\\/obchod\\\/taska-z-rucne-tkaneho-platna\\\/\",\"url\":\"https:\\\/\\\/lanaja.sk\\\/cs\\\/obchod\\\/taska-z-rucne-tkaneho-platna\\\/\",\"name\":\"Ta\u0161ka z ru\u010dn\u011b tkan\u00e9ho pl\u00e1tna &#8226; Lanaja-slovensk\u00e1 udr\u017eiteln\u00e1 zna\u010dka a v\u00fdrobce ln\u011bn\u00e9ho textilu\",\"isPartOf\":{\"@id\":\"https:\\\/\\\/lanaja.sk\\\/cs\\\/#website\"},\"primaryImageOfPage\":{\"@id\":\"https:\\\/\\\/lanaja.sk\\\/cs\\\/obchod\\\/taska-z-rucne-tkaneho-platna\\\/#primaryimage\"},\"image\":{\"@id\":\"https:\\\/\\\/lanaja.sk\\\/cs\\\/obchod\\\/taska-z-rucne-tkaneho-platna\\\/#primaryimage\"},\"thumbnailUrl\":\"https:\\\/\\\/lanaja.sk\\\/wp-content\\\/uploads\\\/2024\\\/06\\\/Taska-z-rucne-tkaneho-platna-scaled.jpg\",\"datePublished\":\"2024-06-17T14:50:21+00:00\",\"description\":\"Zbytky l\u00e1tek se m\u011bn\u00ed v poklady v kolekci ,,Ln\u011bn\u00e9 p\u0159\u00edb\u011bhy\u201d. Ta\u0161ka z ru\u010dn\u011b tkan\u00e9ho pl\u00e1tna v\u00e1m vydr\u017e\u00ed roky, je oslavou ru\u010dn\u00ed pr\u00e1ce, tradice a udr\u017eitelnosti.\",\"breadcrumb\":{\"@id\":\"https:\\\/\\\/lanaja.sk\\\/cs\\\/obchod\\\/taska-z-rucne-tkaneho-platna\\\/#breadcrumb\"},\"inLanguage\":\"cs\",\"potentialAction\":[{\"@type\":\"ReadAction\",\"target\":[\"https:\\\/\\\/lanaja.sk\\\/cs\\\/obchod\\\/taska-z-rucne-tkaneho-platna\\\/\"]}]},{\"@type\":\"ImageObject\",\"inLanguage\":\"cs\",\"@id\":\"https:\\\/\\\/lanaja.sk\\\/cs\\\/obchod\\\/taska-z-rucne-tkaneho-platna\\\/#primaryimage\",\"url\":\"https:\\\/\\\/lanaja.sk\\\/wp-content\\\/uploads\\\/2024\\\/06\\\/Taska-z-rucne-tkaneho-platna-scaled.jpg\",\"contentUrl\":\"https:\\\/\\\/lanaja.sk\\\/wp-content\\\/uploads\\\/2024\\\/06\\\/Taska-z-rucne-tkaneho-platna-scaled.jpg\",\"width\":1806,\"height\":2560,\"caption\":\"upcyklovan\u00e1 \u013eanov\u00e1 ta\u0161ka\"},{\"@type\":\"BreadcrumbList\",\"@id\":\"https:\\\/\\\/lanaja.sk\\\/cs\\\/obchod\\\/taska-z-rucne-tkaneho-platna\\\/#breadcrumb\",\"itemListElement\":[{\"@type\":\"ListItem\",\"position\":1,\"name\":\"Home\",\"item\":\"https:\\\/\\\/lanaja.sk\\\/cs\\\/\"},{\"@type\":\"ListItem\",\"position\":2,\"name\":\"Obchod\",\"item\":\"https:\\\/\\\/lanaja.sk\\\/cs\\\/obchod-cz\\\/\"},{\"@type\":\"ListItem\",\"position\":3,\"name\":\"Ta\u0161ka z ru\u010dn\u011b tkan\u00e9ho pl\u00e1tna\"}]},{\"@type\":\"WebSite\",\"@id\":\"https:\\\/\\\/lanaja.sk\\\/cs\\\/#website\",\"url\":\"https:\\\/\\\/lanaja.sk\\\/cs\\\/\",\"name\":\"Lanaja - bytov\u00fd textil z \u013eanu a \u013eanov\u00e9 v\u00fdrobky\",\"description\":\"Jedine\u010dn\u00fd bytov\u00fd textil, ln\u011bn\u00e9 pytl\u00edky, ln\u011bn\u00e9 ubrusy, ln\u011bn\u00e9 lo\u017en\u00ed povle\u010den\u00ed, ln\u011bn\u00e9 ut\u011brky, ln\u011bn\u00e9 prost\u00edr\u00e1n\u00ed vyroben\u00e9 a \u0161it\u00e9 na Slovensku\",\"publisher\":{\"@id\":\"https:\\\/\\\/lanaja.sk\\\/cs\\\/#organization\"},\"alternateName\":\"Lanaja - v\u00fdrobky z \u013eanu, \u013eanov\u00fd bytov\u00fd textil\",\"potentialAction\":[{\"@type\":\"SearchAction\",\"target\":{\"@type\":\"EntryPoint\",\"urlTemplate\":\"https:\\\/\\\/lanaja.sk\\\/cs\\\/?s={search_term_string}\"},\"query-input\":{\"@type\":\"PropertyValueSpecification\",\"valueRequired\":true,\"valueName\":\"search_term_string\"}}],\"inLanguage\":\"cs\"},{\"@type\":\"Organization\",\"@id\":\"https:\\\/\\\/lanaja.sk\\\/cs\\\/#organization\",\"name\":\"Lanaja\",\"alternateName\":\"Al\u017ebeta Andr\u00e1\u0161ikov\u00e1 - Lanaja\",\"url\":\"https:\\\/\\\/lanaja.sk\\\/cs\\\/\",\"logo\":{\"@type\":\"ImageObject\",\"inLanguage\":\"cs\",\"@id\":\"https:\\\/\\\/lanaja.sk\\\/cs\\\/#\\\/schema\\\/logo\\\/image\\\/\",\"url\":\"https:\\\/\\\/lanaja.sk\\\/wp-content\\\/uploads\\\/2024\\\/01\\\/Lanaja.sk-logo.png\",\"contentUrl\":\"https:\\\/\\\/lanaja.sk\\\/wp-content\\\/uploads\\\/2024\\\/01\\\/Lanaja.sk-logo.png\",\"width\":600,\"height\":300,\"caption\":\"Lanaja\"},\"image\":{\"@id\":\"https:\\\/\\\/lanaja.sk\\\/cs\\\/#\\\/schema\\\/logo\\\/image\\\/\"},\"sameAs\":[\"https:\\\/\\\/www.facebook.com\\\/Abreadbag\",\"https:\\\/\\\/www.instagram.com\\\/lanaja_sk\\\/\"]}]}<\/script>\n<!-- \/ Yoast SEO plugin. -->","yoast_head_json":{"title":"Ta\u0161ka z ru\u010dn\u011b tkan\u00e9ho pl\u00e1tna &#8226; Lanaja-slovensk\u00e1 udr\u017eiteln\u00e1 zna\u010dka a v\u00fdrobce ln\u011bn\u00e9ho textilu","description":"Zbytky l\u00e1tek se m\u011bn\u00ed v poklady v kolekci ,,Ln\u011bn\u00e9 p\u0159\u00edb\u011bhy\u201d. Ta\u0161ka z ru\u010dn\u011b tkan\u00e9ho pl\u00e1tna v\u00e1m vydr\u017e\u00ed roky, je oslavou ru\u010dn\u00ed pr\u00e1ce, tradice a udr\u017eitelnosti.","robots":{"index":"index","follow":"follow","max-snippet":"max-snippet:-1","max-image-preview":"max-image-preview:large","max-video-preview":"max-video-preview:-1"},"canonical":"https:\/\/lanaja.sk\/cs\/obchod\/taska-z-rucne-tkaneho-platna\/","og_locale":"cs_CZ","og_type":"article","og_title":"Ta\u0161ka z ru\u010dn\u011b tkan\u00e9ho pl\u00e1tna &#8226; Lanaja-slovensk\u00e1 udr\u017eiteln\u00e1 zna\u010dka a v\u00fdrobce ln\u011bn\u00e9ho textilu","og_description":"Zbytky l\u00e1tek se m\u011bn\u00ed v poklady v kolekci ,,Ln\u011bn\u00e9 p\u0159\u00edb\u011bhy\u201d. Ta\u0161ka z ru\u010dn\u011b tkan\u00e9ho pl\u00e1tna v\u00e1m vydr\u017e\u00ed roky, je oslavou ru\u010dn\u00ed pr\u00e1ce, tradice a udr\u017eitelnosti.","og_url":"https:\/\/lanaja.sk\/cs\/obchod\/taska-z-rucne-tkaneho-platna\/","og_site_name":"Lanaja-slovensk\u00e1 udr\u017eiteln\u00e1 zna\u010dka a v\u00fdrobce ln\u011bn\u00e9ho textilu","article_publisher":"https:\/\/www.facebook.com\/Abreadbag","og_image":[{"width":1806,"height":2560,"url":"https:\/\/lanaja.sk\/wp-content\/uploads\/2024\/06\/Taska-z-rucne-tkaneho-platna-scaled.jpg","type":"image\/jpeg"}],"twitter_card":"summary_large_image","twitter_misc":{"Odhadovan\u00e1 doba \u010dten\u00ed":"4 minuty"},"schema":{"@context":"https:\/\/schema.org","@graph":[{"@type":"WebPage","@id":"https:\/\/lanaja.sk\/cs\/obchod\/taska-z-rucne-tkaneho-platna\/","url":"https:\/\/lanaja.sk\/cs\/obchod\/taska-z-rucne-tkaneho-platna\/","name":"Ta\u0161ka z ru\u010dn\u011b tkan\u00e9ho pl\u00e1tna &#8226; Lanaja-slovensk\u00e1 udr\u017eiteln\u00e1 zna\u010dka a v\u00fdrobce ln\u011bn\u00e9ho textilu","isPartOf":{"@id":"https:\/\/lanaja.sk\/cs\/#website"},"primaryImageOfPage":{"@id":"https:\/\/lanaja.sk\/cs\/obchod\/taska-z-rucne-tkaneho-platna\/#primaryimage"},"image":{"@id":"https:\/\/lanaja.sk\/cs\/obchod\/taska-z-rucne-tkaneho-platna\/#primaryimage"},"thumbnailUrl":"https:\/\/lanaja.sk\/wp-content\/uploads\/2024\/06\/Taska-z-rucne-tkaneho-platna-scaled.jpg","datePublished":"2024-06-17T14:50:21+00:00","description":"Zbytky l\u00e1tek se m\u011bn\u00ed v poklady v kolekci ,,Ln\u011bn\u00e9 p\u0159\u00edb\u011bhy\u201d. Ta\u0161ka z ru\u010dn\u011b tkan\u00e9ho pl\u00e1tna v\u00e1m vydr\u017e\u00ed roky, je oslavou ru\u010dn\u00ed pr\u00e1ce, tradice a udr\u017eitelnosti.","breadcrumb":{"@id":"https:\/\/lanaja.sk\/cs\/obchod\/taska-z-rucne-tkaneho-platna\/#breadcrumb"},"inLanguage":"cs","potentialAction":[{"@type":"ReadAction","target":["https:\/\/lanaja.sk\/cs\/obchod\/taska-z-rucne-tkaneho-platna\/"]}]},{"@type":"ImageObject","inLanguage":"cs","@id":"https:\/\/lanaja.sk\/cs\/obchod\/taska-z-rucne-tkaneho-platna\/#primaryimage","url":"https:\/\/lanaja.sk\/wp-content\/uploads\/2024\/06\/Taska-z-rucne-tkaneho-platna-scaled.jpg","contentUrl":"https:\/\/lanaja.sk\/wp-content\/uploads\/2024\/06\/Taska-z-rucne-tkaneho-platna-scaled.jpg","width":1806,"height":2560,"caption":"upcyklovan\u00e1 \u013eanov\u00e1 ta\u0161ka"},{"@type":"BreadcrumbList","@id":"https:\/\/lanaja.sk\/cs\/obchod\/taska-z-rucne-tkaneho-platna\/#breadcrumb","itemListElement":[{"@type":"ListItem","position":1,"name":"Home","item":"https:\/\/lanaja.sk\/cs\/"},{"@type":"ListItem","position":2,"name":"Obchod","item":"https:\/\/lanaja.sk\/cs\/obchod-cz\/"},{"@type":"ListItem","position":3,"name":"Ta\u0161ka z ru\u010dn\u011b tkan\u00e9ho pl\u00e1tna"}]},{"@type":"WebSite","@id":"https:\/\/lanaja.sk\/cs\/#website","url":"https:\/\/lanaja.sk\/cs\/","name":"Lanaja - bytov\u00fd textil z \u013eanu a \u013eanov\u00e9 v\u00fdrobky","description":"Jedine\u010dn\u00fd bytov\u00fd textil, ln\u011bn\u00e9 pytl\u00edky, ln\u011bn\u00e9 ubrusy, ln\u011bn\u00e9 lo\u017en\u00ed povle\u010den\u00ed, ln\u011bn\u00e9 ut\u011brky, ln\u011bn\u00e9 prost\u00edr\u00e1n\u00ed vyroben\u00e9 a \u0161it\u00e9 na Slovensku","publisher":{"@id":"https:\/\/lanaja.sk\/cs\/#organization"},"alternateName":"Lanaja - v\u00fdrobky z \u013eanu, \u013eanov\u00fd bytov\u00fd textil","potentialAction":[{"@type":"SearchAction","target":{"@type":"EntryPoint","urlTemplate":"https:\/\/lanaja.sk\/cs\/?s={search_term_string}"},"query-input":{"@type":"PropertyValueSpecification","valueRequired":true,"valueName":"search_term_string"}}],"inLanguage":"cs"},{"@type":"Organization","@id":"https:\/\/lanaja.sk\/cs\/#organization","name":"Lanaja","alternateName":"Al\u017ebeta Andr\u00e1\u0161ikov\u00e1 - Lanaja","url":"https:\/\/lanaja.sk\/cs\/","logo":{"@type":"ImageObject","inLanguage":"cs","@id":"https:\/\/lanaja.sk\/cs\/#\/schema\/logo\/image\/","url":"https:\/\/lanaja.sk\/wp-content\/uploads\/2024\/01\/Lanaja.sk-logo.png","contentUrl":"https:\/\/lanaja.sk\/wp-content\/uploads\/2024\/01\/Lanaja.sk-logo.png","width":600,"height":300,"caption":"Lanaja"},"image":{"@id":"https:\/\/lanaja.sk\/cs\/#\/schema\/logo\/image\/"},"sameAs":["https:\/\/www.facebook.com\/Abreadbag","https:\/\/www.instagram.com\/lanaja_sk\/"]}]}},"_links":{"self":[{"href":"https:\/\/lanaja.sk\/cs\/wp-json\/wp\/v2\/product\/16476","targetHints":{"allow":["GET"]}}],"collection":[{"href":"https:\/\/lanaja.sk\/cs\/wp-json\/wp\/v2\/product"}],"about":[{"href":"https:\/\/lanaja.sk\/cs\/wp-json\/wp\/v2\/types\/product"}],"version-history":[{"count":0,"href":"https:\/\/lanaja.sk\/cs\/wp-json\/wp\/v2\/product\/16476\/revisions"}],"wp:featuredmedia":[{"embeddable":true,"href":"https:\/\/lanaja.sk\/cs\/wp-json\/wp\/v2\/media\/14986"}],"wp:attachment":[{"href":"https:\/\/lanaja.sk\/cs\/wp-json\/wp\/v2\/media?parent=16476"}],"wp:term":[{"taxonomy":"product_brand","embeddable":true,"href":"https:\/\/lanaja.sk\/cs\/wp-json\/wp\/v2\/product_brand?post=16476"},{"taxonomy":"product_cat","embeddable":true,"href":"https:\/\/lanaja.sk\/cs\/wp-json\/wp\/v2\/product_cat?post=16476"},{"taxonomy":"product_tag","embeddable":true,"href":"https:\/\/lanaja.sk\/cs\/wp-json\/wp\/v2\/product_tag?post=16476"}],"curies":[{"name":"wp","href":"https:\/\/api.w.org\/{rel}","templated":true}]}}